{"id":1306,"date":"2021-12-02T07:31:30","date_gmt":"2021-12-02T07:31:30","guid":{"rendered":"https:\/\/www.villatheresa.ee\/mida-teha-rakveres\/"},"modified":"2022-01-03T17:09:04","modified_gmt":"2022-01-03T17:09:04","slug":"things-to-do-in-rakvere","status":"publish","type":"page","link":"https:\/\/www.villatheresa.ee\/en\/things-to-do-in-rakvere\/","title":{"rendered":"Things to do in Rakvere"},"content":{"rendered":"\n<div class=\"wp-block-cover alignfull has-background-dim-10 has-background-dim\" style=\"min-height:235px;aspect-ratio:unset;\"><img loading=\"lazy\" decoding=\"async\" width=\"1920\" height=\"1278\" class=\"wp-block-cover__image-background wp-image-979\" alt=\"\" src=\"https:\/\/www.villatheresa.ee\/wp-content\/uploads\/2021\/12\/rakvere_joul.jpeg\" style=\"object-position:41% 83%\" data-object-fit=\"cover\" data-object-position=\"41% 83%\" srcset=\"https:\/\/www.villatheresa.ee\/wp-content\/uploads\/2021\/12\/rakvere_joul.jpeg 1920w, https:\/\/www.villatheresa.ee\/wp-content\/uploads\/2021\/12\/rakvere_joul-300x200.jpeg 300w, https:\/\/www.villatheresa.ee\/wp-content\/uploads\/2021\/12\/rakvere_joul-1024x682.jpeg 1024w, https:\/\/www.villatheresa.ee\/wp-content\/uploads\/2021\/12\/rakvere_joul-768x511.jpeg 768w, https:\/\/www.villatheresa.ee\/wp-content\/uploads\/2021\/12\/rakvere_joul-1536x1022.jpeg 1536w, https:\/\/www.villatheresa.ee\/wp-content\/uploads\/2021\/12\/rakvere_joul-1568x1044.jpeg 1568w\" sizes=\"auto, (max-width: 1920px) 100vw, 1920px\" \/><div class=\"wp-block-cover__inner-container is-layout-flow wp-block-cover-is-layout-flow\">\n<p class=\"has-text-align-center has-large-font-size\"><\/p>\n<\/div><\/div>\n\n\n\n<h1 class=\"has-text-align-center wp-block-heading\">THINGS TO DO IN RAKVERE AND THE SURROUNDING AREA<\/h1>\n\n\n\n<p class=\"has-drop-cap\">In Rakvere, the entire family can be easily entertained. When travelling with children, we recommend discovering the <a href=\"https:\/\/politseimuuseum.ee\/\" target=\"_blank\" rel=\"noreferrer noopener\">Estonian Police Museum<\/a> or visiting <a href=\"https:\/\/www.rakverelinnus.ee\/en\" target=\"_blank\" rel=\"noreferrer noopener\">Rakvere Castle<\/a> for exhibitions, sword fight performances and workshops. For fun and relaxation, plan some time at&nbsp;the <a href=\"http:\/\/www.aqvahotels.ee\/index.php\/et\/vee-ja-saunakeskus\" target=\"_blank\" rel=\"noreferrer noopener\">AQVA Spa water and sauna centre<\/a>. Recharge your batteries on the&nbsp;<a href=\"https:\/\/www.loodusegakoos.ee\/where-to-go\/national-parks\/lahemaa-national-park\/beaver-trail-1-km\" target=\"_blank\" rel=\"noreferrer noopener\">Beaver Trail<\/a> at Lahemaa National Park, where you can enjoy the scenic views and play the mobile game &#8220;Hiking on Oandu Beaver Trail&#8221;.<\/p>\n\n\n\n<p class=\"has-text-align-center\">In addition to the above, <a href=\"https:\/\/www.visitestonia.com\/en\/search?newsearch=newsearch&amp;q=rakvere&amp;random_seed=230155&amp;oldcategory=&amp;category=culture_history&amp;oldregion=&amp;region=&amp;cities%5B%5D=&amp;islands%5B%5D=&amp;resultscount=20&amp;sortby=&amp;dir=&amp;lat=&amp;lng=&amp;total_results=372\" target=\"_blank\" rel=\"noreferrer noopener\">people keen on history and culture<\/a> have many discoveries waiting for them. There are several State Forest Management Centre&#8217;s (RMK) trails and various other ways to&nbsp;<a href=\"https:\/\/www.visitestonia.com\/en\/search?newsearch=newsearch&amp;q=rakvere&amp;random_seed=230155&amp;oldcategory=culture_history&amp;category=nature&amp;oldregion=all&amp;region=all&amp;resultscount=20&amp;sortby=&amp;dir=&amp;lat=&amp;lng=&amp;total_results=44\" target=\"_blank\" rel=\"noreferrer noopener\">enjoy nature<\/a> near Rakvere. One of the most beautiful and magical places is the \u00c4ntu Sinij\u00e4rv hiking trails located about 35 km from Rakvere. The lakes in the area have the clearest waters in Estonia, and with a bit of good luck, even crawfish could be spotted there. Those drawn to the coast should visit the&nbsp;<a href=\"https:\/\/www.loodusegakoos.ee\/where-to-go\/national-parks\/lahemaa-national-park\/altja-nature-and-culture-historical-study-trail-3-km\" target=\"_blank\" rel=\"noreferrer noopener\">Altja fishing village.<\/a><\/p>\n\n\n\n<p class=\"has-text-align-center\">Tule \u00fcksi v\u00f5i koos s\u00f5pradega, m\u00f5nus puhkuCome alone or with friends \u2013 you\u2019re always guaranteed a pleasant holiday<\/p>\n\n\n\n<blockquote class=\"wp-block-quote has-text-align-center is-style-large is-layout-flow wp-block-quote-is-layout-flow\"><p><em>Rakvere is waiting!<\/em><\/p><\/blockquote>\n\n\n\n<figure class=\"wp-block-gallery alignwide columns-3 is-cropped wp-block-gallery-1 is-layout-flex wp-block-gallery-is-layout-flex\"><ul class=\"blocks-gallery-grid\"><li class=\"blocks-gallery-item\"><figure><a href=\"https:\/\/www.villatheresa.ee\/wp-content\/uploads\/2021\/12\/rakvere-linnus-1024x576.jpg\"><img loading=\"lazy\" decoding=\"async\" width=\"1024\" height=\"576\" src=\"https:\/\/www.villatheresa.ee\/wp-content\/uploads\/2021\/12\/rakvere-linnus-1024x576.jpg\" alt=\"\" data-id=\"1013\" data-link=\"https:\/\/www.villatheresa.ee\/mida-teha-rakveres\/rakvere-linnus\/\" class=\"wp-image-1013\" srcset=\"https:\/\/www.villatheresa.ee\/wp-content\/uploads\/2021\/12\/rakvere-linnus-1024x576.jpg 1024w, https:\/\/www.villatheresa.ee\/wp-content\/uploads\/2021\/12\/rakvere-linnus-300x169.jpg 300w, https:\/\/www.villatheresa.ee\/wp-content\/uploads\/2021\/12\/rakvere-linnus-768x432.jpg 768w, https:\/\/www.villatheresa.ee\/wp-content\/uploads\/2021\/12\/rakvere-linnus-1536x864.jpg 1536w, https:\/\/www.villatheresa.ee\/wp-content\/uploads\/2021\/12\/rakvere-linnus-1568x882.jpg 1568w, https:\/\/www.villatheresa.ee\/wp-content\/uploads\/2021\/12\/rakvere-linnus.jpg 1600w\" sizes=\"auto, (max-width: 1024px) 100vw, 1024px\" \/><\/a><\/figure><\/li><li class=\"blocks-gallery-item\"><figure><a href=\"https:\/\/www.villatheresa.ee\/wp-content\/uploads\/2021\/11\/aqua_spa-1024x683.jpeg\"><img loading=\"lazy\" decoding=\"async\" width=\"1024\" height=\"683\" src=\"https:\/\/www.villatheresa.ee\/wp-content\/uploads\/2021\/11\/aqua_spa-1024x683.jpeg\" alt=\"\" data-id=\"909\" data-link=\"https:\/\/www.villatheresa.ee\/offer\/aqua-spa-vee-ja-saunakeskuse-pakett\/aqua_spa\/\" class=\"wp-image-909\" srcset=\"https:\/\/www.villatheresa.ee\/wp-content\/uploads\/2021\/11\/aqua_spa-1024x683.jpeg 1024w, https:\/\/www.villatheresa.ee\/wp-content\/uploads\/2021\/11\/aqua_spa-300x200.jpeg 300w, https:\/\/www.villatheresa.ee\/wp-content\/uploads\/2021\/11\/aqua_spa-768x512.jpeg 768w, https:\/\/www.villatheresa.ee\/wp-content\/uploads\/2021\/11\/aqua_spa.jpeg 1280w\" sizes=\"auto, (max-width: 1024px) 100vw, 1024px\" \/><\/a><\/figure><\/li><li class=\"blocks-gallery-item\"><figure><a href=\"https:\/\/www.villatheresa.ee\/wp-content\/uploads\/2021\/12\/koprarada-1024x427.jpg\"><img loading=\"lazy\" decoding=\"async\" width=\"1024\" height=\"427\" src=\"https:\/\/www.villatheresa.ee\/wp-content\/uploads\/2021\/12\/koprarada-1024x427.jpg\" alt=\"\" data-id=\"1018\" data-link=\"https:\/\/www.villatheresa.ee\/mida-teha-rakveres\/koprarada\/\" class=\"wp-image-1018\" srcset=\"https:\/\/www.villatheresa.ee\/wp-content\/uploads\/2021\/12\/koprarada-1024x427.jpg 1024w, https:\/\/www.villatheresa.ee\/wp-content\/uploads\/2021\/12\/koprarada-300x125.jpg 300w, https:\/\/www.villatheresa.ee\/wp-content\/uploads\/2021\/12\/koprarada-768x320.jpg 768w, https:\/\/www.villatheresa.ee\/wp-content\/uploads\/2021\/12\/koprarada-1536x640.jpg 1536w, https:\/\/www.villatheresa.ee\/wp-content\/uploads\/2021\/12\/koprarada-1568x653.jpg 1568w, https:\/\/www.villatheresa.ee\/wp-content\/uploads\/2021\/12\/koprarada.jpg 1920w\" sizes=\"auto, (max-width: 1024px) 100vw, 1024px\" \/><\/a><\/figure><\/li><li class=\"blocks-gallery-item\"><figure><a href=\"https:\/\/www.villatheresa.ee\/wp-content\/uploads\/2021\/12\/Altja_PeeterSirge.jpg\"><img loading=\"lazy\" decoding=\"async\" width=\"1024\" height=\"412\" src=\"https:\/\/www.villatheresa.ee\/wp-content\/uploads\/2021\/12\/Altja_PeeterSirge-1024x412.jpg\" alt=\"\" data-id=\"1075\" data-full-url=\"https:\/\/www.villatheresa.ee\/wp-content\/uploads\/2021\/12\/Altja_PeeterSirge.jpg\" data-link=\"https:\/\/www.villatheresa.ee\/mida-teha-rakveres\/altja_peetersirge\/\" class=\"wp-image-1075\" srcset=\"https:\/\/www.villatheresa.ee\/wp-content\/uploads\/2021\/12\/Altja_PeeterSirge-1024x412.jpg 1024w, https:\/\/www.villatheresa.ee\/wp-content\/uploads\/2021\/12\/Altja_PeeterSirge-300x121.jpg 300w, https:\/\/www.villatheresa.ee\/wp-content\/uploads\/2021\/12\/Altja_PeeterSirge-768x309.jpg 768w, https:\/\/www.villatheresa.ee\/wp-content\/uploads\/2021\/12\/Altja_PeeterSirge-1536x618.jpg 1536w, https:\/\/www.villatheresa.ee\/wp-content\/uploads\/2021\/12\/Altja_PeeterSirge-1568x630.jpg 1568w, https:\/\/www.villatheresa.ee\/wp-content\/uploads\/2021\/12\/Altja_PeeterSirge.jpg 1920w\" sizes=\"auto, (max-width: 1024px) 100vw, 1024px\" \/><\/a><\/figure><\/li><li class=\"blocks-gallery-item\"><figure><a href=\"https:\/\/www.villatheresa.ee\/wp-content\/uploads\/2021\/12\/4703167186_edd09d89b7_o.jpg\"><img loading=\"lazy\" decoding=\"async\" width=\"1024\" height=\"685\" src=\"https:\/\/www.villatheresa.ee\/wp-content\/uploads\/2021\/12\/4703167186_edd09d89b7_o.jpg\" alt=\"\" data-id=\"1079\" data-full-url=\"https:\/\/www.villatheresa.ee\/wp-content\/uploads\/2021\/12\/4703167186_edd09d89b7_o.jpg\" data-link=\"https:\/\/www.villatheresa.ee\/mida-teha-rakveres\/4703167186_edd09d89b7_o\/\" class=\"wp-image-1079\" srcset=\"https:\/\/www.villatheresa.ee\/wp-content\/uploads\/2021\/12\/4703167186_edd09d89b7_o.jpg 1024w, https:\/\/www.villatheresa.ee\/wp-content\/uploads\/2021\/12\/4703167186_edd09d89b7_o-300x201.jpg 300w, https:\/\/www.villatheresa.ee\/wp-content\/uploads\/2021\/12\/4703167186_edd09d89b7_o-768x514.jpg 768w\" sizes=\"auto, (max-width: 1024px) 100vw, 1024px\" \/><\/a><\/figure><\/li><\/ul><\/figure>\n\n\n\n<p><\/p>\n","protected":false},"excerpt":{"rendered":"<p>THINGS TO DO IN RAKVERE AND THE SURROUNDING AREA In Rakvere, the entire family can be easily entertained. When travelling with children, we recommend discovering the Estonian Police Museum or visiting Rakvere Castle for exhibitions, sword fight performances and workshops. For fun and relaxation, plan some time at&nbsp;the AQVA Spa water and sauna centre. Recharge [&hellip;]<\/p>\n","protected":false},"author":2,"featured_media":0,"parent":0,"menu_order":0,"comment_status":"closed","ping_status":"closed","template":"","meta":{"footnotes":""},"class_list":["post-1306","page","type-page","status-publish","hentry"],"yoast_head":"<!-- This site is optimized with the Yoast SEO plugin v25.0 - https:\/\/yoast.com\/wordpress\/plugins\/seo\/ -->\n<title>Things to do in Rakvere - Villa Theresa<\/title>\n<meta name=\"robots\" content=\"index, follow, max-snippet:-1, max-image-preview:large, max-video-preview:-1\" \/>\n<link rel=\"canonical\" href=\"https:\/\/www.villatheresa.ee\/en\/things-to-do-in-rakvere\/\" \/>\n<meta property=\"og:locale\" content=\"en_US\" \/>\n<meta property=\"og:type\" content=\"article\" \/>\n<meta property=\"og:title\" content=\"Things to do in Rakvere - Villa Theresa\" \/>\n<meta property=\"og:description\" content=\"THINGS TO DO IN RAKVERE AND THE SURROUNDING AREA In Rakvere, the entire family can be easily entertained. When travelling with children, we recommend discovering the Estonian Police Museum or visiting Rakvere Castle for exhibitions, sword fight performances and workshops. For fun and relaxation, plan some time at&nbsp;the AQVA Spa water and sauna centre. Recharge [&hellip;]\" \/>\n<meta property=\"og:url\" content=\"https:\/\/www.villatheresa.ee\/en\/things-to-do-in-rakvere\/\" \/>\n<meta property=\"og:site_name\" content=\"Villa Theresa\" \/>\n<meta property=\"article:modified_time\" content=\"2022-01-03T17:09:04+00:00\" \/>\n<meta property=\"og:image\" content=\"https:\/\/www.villatheresa.ee\/wp-content\/uploads\/2021\/12\/rakvere_joul.jpeg\" \/>\n<meta name=\"twitter:card\" content=\"summary_large_image\" \/>\n<meta name=\"twitter:label1\" content=\"Est. reading time\" \/>\n\t<meta name=\"twitter:data1\" content=\"3 minutes\" \/>\n<script type=\"application\/ld+json\" class=\"yoast-schema-graph\">{\"@context\":\"https:\/\/schema.org\",\"@graph\":[{\"@type\":\"WebPage\",\"@id\":\"https:\/\/www.villatheresa.ee\/en\/things-to-do-in-rakvere\/\",\"url\":\"https:\/\/www.villatheresa.ee\/en\/things-to-do-in-rakvere\/\",\"name\":\"Things to do in Rakvere - Villa Theresa\",\"isPartOf\":{\"@id\":\"https:\/\/www.villatheresa.ee\/#website\"},\"primaryImageOfPage\":{\"@id\":\"https:\/\/www.villatheresa.ee\/en\/things-to-do-in-rakvere\/#primaryimage\"},\"image\":{\"@id\":\"https:\/\/www.villatheresa.ee\/en\/things-to-do-in-rakvere\/#primaryimage\"},\"thumbnailUrl\":\"https:\/\/www.villatheresa.ee\/wp-content\/uploads\/2021\/12\/rakvere_joul.jpeg\",\"datePublished\":\"2021-12-02T07:31:30+00:00\",\"dateModified\":\"2022-01-03T17:09:04+00:00\",\"breadcrumb\":{\"@id\":\"https:\/\/www.villatheresa.ee\/en\/things-to-do-in-rakvere\/#breadcrumb\"},\"inLanguage\":\"en-US\",\"potentialAction\":[{\"@type\":\"ReadAction\",\"target\":[\"https:\/\/www.villatheresa.ee\/en\/things-to-do-in-rakvere\/\"]}]},{\"@type\":\"ImageObject\",\"inLanguage\":\"en-US\",\"@id\":\"https:\/\/www.villatheresa.ee\/en\/things-to-do-in-rakvere\/#primaryimage\",\"url\":\"https:\/\/www.villatheresa.ee\/wp-content\/uploads\/2021\/12\/rakvere_joul.jpeg\",\"contentUrl\":\"https:\/\/www.villatheresa.ee\/wp-content\/uploads\/2021\/12\/rakvere_joul.jpeg\"},{\"@type\":\"BreadcrumbList\",\"@id\":\"https:\/\/www.villatheresa.ee\/en\/things-to-do-in-rakvere\/#breadcrumb\",\"itemListElement\":[{\"@type\":\"ListItem\",\"position\":1,\"name\":\"Home\",\"item\":\"https:\/\/www.villatheresa.ee\/en\/\"},{\"@type\":\"ListItem\",\"position\":2,\"name\":\"Things to do in Rakvere\"}]},{\"@type\":\"WebSite\",\"@id\":\"https:\/\/www.villatheresa.ee\/#website\",\"url\":\"https:\/\/www.villatheresa.ee\/\",\"name\":\"Villa Theresa\",\"description\":\"Hotell Rakveres\",\"potentialAction\":[{\"@type\":\"SearchAction\",\"target\":{\"@type\":\"EntryPoint\",\"urlTemplate\":\"https:\/\/www.villatheresa.ee\/?s={search_term_string}\"},\"query-input\":{\"@type\":\"PropertyValueSpecification\",\"valueRequired\":true,\"valueName\":\"search_term_string\"}}],\"inLanguage\":\"en-US\"}]}<\/script>\n<!-- \/ Yoast SEO plugin. -->","yoast_head_json":{"title":"Things to do in Rakvere - Villa Theresa","robots":{"index":"index","follow":"follow","max-snippet":"max-snippet:-1","max-image-preview":"max-image-preview:large","max-video-preview":"max-video-preview:-1"},"canonical":"https:\/\/www.villatheresa.ee\/en\/things-to-do-in-rakvere\/","og_locale":"en_US","og_type":"article","og_title":"Things to do in Rakvere - Villa Theresa","og_description":"THINGS TO DO IN RAKVERE AND THE SURROUNDING AREA In Rakvere, the entire family can be easily entertained. When travelling with children, we recommend discovering the Estonian Police Museum or visiting Rakvere Castle for exhibitions, sword fight performances and workshops. For fun and relaxation, plan some time at&nbsp;the AQVA Spa water and sauna centre. Recharge [&hellip;]","og_url":"https:\/\/www.villatheresa.ee\/en\/things-to-do-in-rakvere\/","og_site_name":"Villa Theresa","article_modified_time":"2022-01-03T17:09:04+00:00","og_image":[{"url":"https:\/\/www.villatheresa.ee\/wp-content\/uploads\/2021\/12\/rakvere_joul.jpeg","type":"","width":"","height":""}],"twitter_card":"summary_large_image","twitter_misc":{"Est. reading time":"3 minutes"},"schema":{"@context":"https:\/\/schema.org","@graph":[{"@type":"WebPage","@id":"https:\/\/www.villatheresa.ee\/en\/things-to-do-in-rakvere\/","url":"https:\/\/www.villatheresa.ee\/en\/things-to-do-in-rakvere\/","name":"Things to do in Rakvere - Villa Theresa","isPartOf":{"@id":"https:\/\/www.villatheresa.ee\/#website"},"primaryImageOfPage":{"@id":"https:\/\/www.villatheresa.ee\/en\/things-to-do-in-rakvere\/#primaryimage"},"image":{"@id":"https:\/\/www.villatheresa.ee\/en\/things-to-do-in-rakvere\/#primaryimage"},"thumbnailUrl":"https:\/\/www.villatheresa.ee\/wp-content\/uploads\/2021\/12\/rakvere_joul.jpeg","datePublished":"2021-12-02T07:31:30+00:00","dateModified":"2022-01-03T17:09:04+00:00","breadcrumb":{"@id":"https:\/\/www.villatheresa.ee\/en\/things-to-do-in-rakvere\/#breadcrumb"},"inLanguage":"en-US","potentialAction":[{"@type":"ReadAction","target":["https:\/\/www.villatheresa.ee\/en\/things-to-do-in-rakvere\/"]}]},{"@type":"ImageObject","inLanguage":"en-US","@id":"https:\/\/www.villatheresa.ee\/en\/things-to-do-in-rakvere\/#primaryimage","url":"https:\/\/www.villatheresa.ee\/wp-content\/uploads\/2021\/12\/rakvere_joul.jpeg","contentUrl":"https:\/\/www.villatheresa.ee\/wp-content\/uploads\/2021\/12\/rakvere_joul.jpeg"},{"@type":"BreadcrumbList","@id":"https:\/\/www.villatheresa.ee\/en\/things-to-do-in-rakvere\/#breadcrumb","itemListElement":[{"@type":"ListItem","position":1,"name":"Home","item":"https:\/\/www.villatheresa.ee\/en\/"},{"@type":"ListItem","position":2,"name":"Things to do in Rakvere"}]},{"@type":"WebSite","@id":"https:\/\/www.villatheresa.ee\/#website","url":"https:\/\/www.villatheresa.ee\/","name":"Villa Theresa","description":"Hotell Rakveres","potentialAction":[{"@type":"SearchAction","target":{"@type":"EntryPoint","urlTemplate":"https:\/\/www.villatheresa.ee\/?s={search_term_string}"},"query-input":{"@type":"PropertyValueSpecification","valueRequired":true,"valueName":"search_term_string"}}],"inLanguage":"en-US"}]}},"_links":{"self":[{"href":"https:\/\/www.villatheresa.ee\/en\/wp-json\/wp\/v2\/pages\/1306","targetHints":{"allow":["GET"]}}],"collection":[{"href":"https:\/\/www.villatheresa.ee\/en\/wp-json\/wp\/v2\/pages"}],"about":[{"href":"https:\/\/www.villatheresa.ee\/en\/wp-json\/wp\/v2\/types\/page"}],"author":[{"embeddable":true,"href":"https:\/\/www.villatheresa.ee\/en\/wp-json\/wp\/v2\/users\/2"}],"replies":[{"embeddable":true,"href":"https:\/\/www.villatheresa.ee\/en\/wp-json\/wp\/v2\/comments?post=1306"}],"version-history":[{"count":3,"href":"https:\/\/www.villatheresa.ee\/en\/wp-json\/wp\/v2\/pages\/1306\/revisions"}],"predecessor-version":[{"id":1474,"href":"https:\/\/www.villatheresa.ee\/en\/wp-json\/wp\/v2\/pages\/1306\/revisions\/1474"}],"wp:attachment":[{"href":"https:\/\/www.villatheresa.ee\/en\/wp-json\/wp\/v2\/media?parent=1306"}],"curies":[{"name":"wp","href":"https:\/\/api.w.org\/{rel}","templated":true}]}}