{"id":1353,"date":"2021-11-15T11:19:59","date_gmt":"2021-11-15T11:19:59","guid":{"rendered":"https:\/\/www.villatheresa.ee\/hotellitoad\/"},"modified":"2025-05-16T09:19:53","modified_gmt":"2025-05-16T09:19:53","slug":"huoneet","status":"publish","type":"page","link":"https:\/\/www.villatheresa.ee\/fi\/huoneet\/","title":{"rendered":"Huoneet"},"content":{"rendered":"\n<div class=\"wp-block-cover alignfull is-light\" style=\"min-height:235px;aspect-ratio:unset;\"><img loading=\"lazy\" decoding=\"async\" width=\"1920\" height=\"1278\" class=\"wp-block-cover__image-background wp-image-800\" alt=\"\" src=\"https:\/\/www.villatheresa.ee\/wp-content\/uploads\/2021\/11\/lilled_rakvere_villatheresa.jpg\" style=\"object-position:74% 28%\" data-object-fit=\"cover\" data-object-position=\"74% 28%\" srcset=\"https:\/\/www.villatheresa.ee\/wp-content\/uploads\/2021\/11\/lilled_rakvere_villatheresa.jpg 1920w, https:\/\/www.villatheresa.ee\/wp-content\/uploads\/2021\/11\/lilled_rakvere_villatheresa-300x200.jpg 300w, https:\/\/www.villatheresa.ee\/wp-content\/uploads\/2021\/11\/lilled_rakvere_villatheresa-1024x682.jpg 1024w, https:\/\/www.villatheresa.ee\/wp-content\/uploads\/2021\/11\/lilled_rakvere_villatheresa-768x511.jpg 768w, https:\/\/www.villatheresa.ee\/wp-content\/uploads\/2021\/11\/lilled_rakvere_villatheresa-1536x1022.jpg 1536w, https:\/\/www.villatheresa.ee\/wp-content\/uploads\/2021\/11\/lilled_rakvere_villatheresa-1568x1044.jpg 1568w\" sizes=\"auto, (max-width: 1920px) 100vw, 1920px\" \/><span aria-hidden=\"true\" class=\"wp-block-cover__background has-background-dim\"><\/span><div class=\"wp-block-cover__inner-container is-layout-flow wp-block-cover-is-layout-flow\">\n<p><\/p>\n<\/div><\/div>\n\n\n\n<h1 class=\"wp-block-heading has-text-align-center\">VILLA THERESAN HUONEET<\/h1>\n\n\n\n<p class=\"has-drop-cap\">Villa Theresan kaikki huoneet ovat tilavia ja jugendtyyliin sisustettuja. Huoneissa on ilmastointilaitteet. Runsas buffetaamiainen tarjoillaan ravintolan talvipuutarhassa, ja kes\u00e4aikaan vieraiden k\u00e4yt\u00f6ss\u00e4 on my\u00f6s terassi, jossa aamukahvin voi nauttia linnunlaulua kuunnellen. Hotellin tilavassa aulassa on useita istuinryhmi\u00e4, joista yhdess\u00e4 on takka ja LCD-televisio, kun taas muista avautuu kaunis luonnonmaisema.<\/p>\n\n\n\n<p>Meill\u00e4 on allergiahuoneita sek\u00e4 huoneita henkil\u00f6ille, joilla on erityistarpeita. Kun teet varausta, lis\u00e4\u00e4th\u00e4n erityistoiveesi kommenttikentt\u00e4\u00e4n.<\/p>\n\n\n\n<p><strong><strong>Voit tehd\u00e4 varauksen samaksi p\u00e4iv\u00e4ksi aina kello 21 asti, ja hotelliin voi kirjautua sis\u00e4\u00e4n kello 22 asti.<\/strong><\/strong><\/p>\n\n\n\n<p><\/p>\n\n\n\n<div style=\"height:55px\" aria-hidden=\"true\" class=\"wp-block-spacer\"><\/div>\n\n\n\n<div class=\"wp-block-columns alignwide is-layout-flex wp-container-core-columns-is-layout-9d6595d7 wp-block-columns-is-layout-flex\">\n<div class=\"wp-block-column is-vertically-aligned-center is-layout-flow wp-block-column-is-layout-flow\">\n<h2 class=\"wp-block-heading\">STANDARD-HUONEET<\/h2>\n\n\n\n<ul class=\"wp-block-list\">\n<li>Tilavissa standard-huoneissa (27 m<sup>2<\/sup>) on joko yksi leve\u00e4 Unikulma-paris\u00e4nky tai kaksi mukavaa yhden hengen Unikulma-s\u00e4nky\u00e4<\/li>\n\n\n\n<li>Kirjoitusp\u00f6yt\u00e4 ja tuoli<\/li>\n\n\n\n<li>Ilmainen WiFi<\/li>\n\n\n\n<li>LCD-televisio<\/li>\n\n\n\n<li>J\u00e4\u00e4kaappi<\/li>\n\n\n\n<li>Ilmastointilaite<\/li>\n\n\n\n<li>Kokolattiamatto<\/li>\n\n\n\n<li>Kylpyhuoneessa lattial\u00e4mmitys ja suihkukoppi<\/li>\n\n\n\n<li>Pys\u00e4k\u00f6inti hotellin pys\u00e4k\u00f6intialueella on vieraillemme maksutonta<\/li>\n\n\n\n<li>Standard-huoneeseen voi saada yhden lis\u00e4s\u00e4ngyn<\/li>\n<\/ul>\n\n\n\n<p>Tupakointi hotellihuoneissa on kielletty \u2013 hotellissa on tupakointihuone. Lemmikit ovat tervetulleita hotelliimme. Lis\u00e4maksu lemmikist\u00e4 on 10 euroa\/vuorokausi.<\/p>\n\n\n\n<div class=\"wp-block-buttons is-layout-flex wp-block-buttons-is-layout-flex\">\n<div class=\"wp-block-button\"><a class=\"wp-block-button__link wp-element-button\" href=\"https:\/\/bouk.io\/booking\/theresa\/343\/rooms?language=fi\" target=\"_blank\" rel=\"noreferrer noopener\"><strong>VARAA NYT<\/strong><\/a><\/div>\n<\/div>\n\n\n\n<p><\/p>\n<\/div>\n\n\n\n<div class=\"wp-block-column is-layout-flow wp-block-column-is-layout-flow\">\n<figure class=\"wp-block-gallery has-nested-images columns-default is-cropped wp-block-gallery-1 is-layout-flex wp-block-gallery-is-layout-flex\">\n<figure class=\"wp-block-image size-large\"><a href=\"https:\/\/www.villatheresa.ee\/wp-content\/uploads\/2025\/02\/villa_theresa_standard_tuba.jpg\"><img loading=\"lazy\" decoding=\"async\" width=\"1024\" height=\"683\" data-id=\"2109\" src=\"https:\/\/www.villatheresa.ee\/wp-content\/uploads\/2025\/02\/villa_theresa_standard_tuba-1024x683.jpg\" alt=\"\" class=\"wp-image-2109\" srcset=\"https:\/\/www.villatheresa.ee\/wp-content\/uploads\/2025\/02\/villa_theresa_standard_tuba-1024x683.jpg 1024w, https:\/\/www.villatheresa.ee\/wp-content\/uploads\/2025\/02\/villa_theresa_standard_tuba-300x200.jpg 300w, https:\/\/www.villatheresa.ee\/wp-content\/uploads\/2025\/02\/villa_theresa_standard_tuba-768x512.jpg 768w, https:\/\/www.villatheresa.ee\/wp-content\/uploads\/2025\/02\/villa_theresa_standard_tuba-1536x1025.jpg 1536w, https:\/\/www.villatheresa.ee\/wp-content\/uploads\/2025\/02\/villa_theresa_standard_tuba-1568x1046.jpg 1568w, https:\/\/www.villatheresa.ee\/wp-content\/uploads\/2025\/02\/villa_theresa_standard_tuba.jpg 1920w\" sizes=\"auto, (max-width: 1024px) 100vw, 1024px\" \/><\/a><\/figure>\n\n\n\n<figure class=\"wp-block-image size-large\"><a href=\"https:\/\/www.villatheresa.ee\/wp-content\/uploads\/2025\/02\/vannituba.jpg\"><img loading=\"lazy\" decoding=\"async\" width=\"684\" height=\"1024\" data-id=\"2105\" src=\"https:\/\/www.villatheresa.ee\/wp-content\/uploads\/2025\/02\/vannituba-684x1024.jpg\" alt=\"\" class=\"wp-image-2105\" srcset=\"https:\/\/www.villatheresa.ee\/wp-content\/uploads\/2025\/02\/vannituba-684x1024.jpg 684w, https:\/\/www.villatheresa.ee\/wp-content\/uploads\/2025\/02\/vannituba-200x300.jpg 200w, https:\/\/www.villatheresa.ee\/wp-content\/uploads\/2025\/02\/vannituba-768x1150.jpg 768w, https:\/\/www.villatheresa.ee\/wp-content\/uploads\/2025\/02\/vannituba-1026x1536.jpg 1026w, https:\/\/www.villatheresa.ee\/wp-content\/uploads\/2025\/02\/vannituba.jpg 1282w\" sizes=\"auto, (max-width: 684px) 100vw, 684px\" \/><\/a><\/figure>\n\n\n\n<figure class=\"wp-block-image size-large\"><a href=\"https:\/\/www.villatheresa.ee\/wp-content\/uploads\/2025\/02\/kahene_tuba_villatheresa.jpg\"><img loading=\"lazy\" decoding=\"async\" width=\"1024\" height=\"683\" data-id=\"2097\" src=\"https:\/\/www.villatheresa.ee\/wp-content\/uploads\/2025\/02\/kahene_tuba_villatheresa-1024x683.jpg\" alt=\"\" class=\"wp-image-2097\" srcset=\"https:\/\/www.villatheresa.ee\/wp-content\/uploads\/2025\/02\/kahene_tuba_villatheresa-1024x683.jpg 1024w, https:\/\/www.villatheresa.ee\/wp-content\/uploads\/2025\/02\/kahene_tuba_villatheresa-300x200.jpg 300w, https:\/\/www.villatheresa.ee\/wp-content\/uploads\/2025\/02\/kahene_tuba_villatheresa-768x512.jpg 768w, https:\/\/www.villatheresa.ee\/wp-content\/uploads\/2025\/02\/kahene_tuba_villatheresa-1536x1025.jpg 1536w, https:\/\/www.villatheresa.ee\/wp-content\/uploads\/2025\/02\/kahene_tuba_villatheresa-1568x1046.jpg 1568w, https:\/\/www.villatheresa.ee\/wp-content\/uploads\/2025\/02\/kahene_tuba_villatheresa.jpg 1920w\" sizes=\"auto, (max-width: 1024px) 100vw, 1024px\" \/><\/a><\/figure>\n\n\n\n<figure class=\"wp-block-image size-large\"><a href=\"https:\/\/www.villatheresa.ee\/wp-content\/uploads\/2025\/02\/standard_tuba.jpg\"><img loading=\"lazy\" decoding=\"async\" width=\"1024\" height=\"683\" data-id=\"2101\" src=\"https:\/\/www.villatheresa.ee\/wp-content\/uploads\/2025\/02\/standard_tuba-1024x683.jpg\" alt=\"\" class=\"wp-image-2101\" srcset=\"https:\/\/www.villatheresa.ee\/wp-content\/uploads\/2025\/02\/standard_tuba-1024x683.jpg 1024w, https:\/\/www.villatheresa.ee\/wp-content\/uploads\/2025\/02\/standard_tuba-300x200.jpg 300w, https:\/\/www.villatheresa.ee\/wp-content\/uploads\/2025\/02\/standard_tuba-768x512.jpg 768w, https:\/\/www.villatheresa.ee\/wp-content\/uploads\/2025\/02\/standard_tuba-1536x1025.jpg 1536w, https:\/\/www.villatheresa.ee\/wp-content\/uploads\/2025\/02\/standard_tuba-1568x1046.jpg 1568w, https:\/\/www.villatheresa.ee\/wp-content\/uploads\/2025\/02\/standard_tuba.jpg 1920w\" sizes=\"auto, (max-width: 1024px) 100vw, 1024px\" \/><\/a><\/figure>\n<\/figure>\n<\/div>\n<\/div>\n\n\n\n<div class=\"wp-block-columns alignwide is-layout-flex wp-container-core-columns-is-layout-9d6595d7 wp-block-columns-is-layout-flex\">\n<div class=\"wp-block-column is-layout-flow wp-block-column-is-layout-flow\">\n<figure class=\"wp-block-gallery has-nested-images columns-default is-cropped wp-block-gallery-2 is-layout-flex wp-block-gallery-is-layout-flex\">\n<figure class=\"wp-block-image size-full\"><a href=\"https:\/\/www.villatheresa.ee\/wp-content\/uploads\/2025\/05\/villa_theresa_magamistuba-scaled.jpg\"><img loading=\"lazy\" decoding=\"async\" width=\"1920\" height=\"2560\" data-id=\"2185\" src=\"https:\/\/www.villatheresa.ee\/wp-content\/uploads\/2025\/05\/villa_theresa_magamistuba-scaled.jpg\" alt=\"\" class=\"wp-image-2185\" srcset=\"https:\/\/www.villatheresa.ee\/wp-content\/uploads\/2025\/05\/villa_theresa_magamistuba-scaled.jpg 1920w, https:\/\/www.villatheresa.ee\/wp-content\/uploads\/2025\/05\/villa_theresa_magamistuba-225x300.jpg 225w, https:\/\/www.villatheresa.ee\/wp-content\/uploads\/2025\/05\/villa_theresa_magamistuba-768x1024.jpg 768w, https:\/\/www.villatheresa.ee\/wp-content\/uploads\/2025\/05\/villa_theresa_magamistuba-1152x1536.jpg 1152w, https:\/\/www.villatheresa.ee\/wp-content\/uploads\/2025\/05\/villa_theresa_magamistuba-1536x2048.jpg 1536w, https:\/\/www.villatheresa.ee\/wp-content\/uploads\/2025\/05\/villa_theresa_magamistuba-1568x2091.jpg 1568w\" sizes=\"auto, (max-width: 1920px) 100vw, 1920px\" \/><\/a><\/figure>\n\n\n\n<figure class=\"wp-block-image size-full\"><a href=\"https:\/\/www.villatheresa.ee\/wp-content\/uploads\/2025\/05\/villa_theresa_sviidi_suurtuba-scaled.jpg\"><img loading=\"lazy\" decoding=\"async\" width=\"1920\" height=\"2560\" data-id=\"2193\" src=\"https:\/\/www.villatheresa.ee\/wp-content\/uploads\/2025\/05\/villa_theresa_sviidi_suurtuba-scaled.jpg\" alt=\"\" class=\"wp-image-2193\" srcset=\"https:\/\/www.villatheresa.ee\/wp-content\/uploads\/2025\/05\/villa_theresa_sviidi_suurtuba-scaled.jpg 1920w, https:\/\/www.villatheresa.ee\/wp-content\/uploads\/2025\/05\/villa_theresa_sviidi_suurtuba-225x300.jpg 225w, https:\/\/www.villatheresa.ee\/wp-content\/uploads\/2025\/05\/villa_theresa_sviidi_suurtuba-768x1024.jpg 768w, https:\/\/www.villatheresa.ee\/wp-content\/uploads\/2025\/05\/villa_theresa_sviidi_suurtuba-1152x1536.jpg 1152w, https:\/\/www.villatheresa.ee\/wp-content\/uploads\/2025\/05\/villa_theresa_sviidi_suurtuba-1536x2048.jpg 1536w, https:\/\/www.villatheresa.ee\/wp-content\/uploads\/2025\/05\/villa_theresa_sviidi_suurtuba-1568x2091.jpg 1568w\" sizes=\"auto, (max-width: 1920px) 100vw, 1920px\" \/><\/a><\/figure>\n\n\n\n<figure class=\"wp-block-image size-full\"><a href=\"https:\/\/www.villatheresa.ee\/wp-content\/uploads\/2025\/05\/villa_theresa_sviidi_magamistuba-scaled.jpg\"><img loading=\"lazy\" decoding=\"async\" width=\"1920\" height=\"2560\" data-id=\"2189\" src=\"https:\/\/www.villatheresa.ee\/wp-content\/uploads\/2025\/05\/villa_theresa_sviidi_magamistuba-scaled.jpg\" alt=\"\" class=\"wp-image-2189\" srcset=\"https:\/\/www.villatheresa.ee\/wp-content\/uploads\/2025\/05\/villa_theresa_sviidi_magamistuba-scaled.jpg 1920w, https:\/\/www.villatheresa.ee\/wp-content\/uploads\/2025\/05\/villa_theresa_sviidi_magamistuba-225x300.jpg 225w, https:\/\/www.villatheresa.ee\/wp-content\/uploads\/2025\/05\/villa_theresa_sviidi_magamistuba-768x1024.jpg 768w, https:\/\/www.villatheresa.ee\/wp-content\/uploads\/2025\/05\/villa_theresa_sviidi_magamistuba-1152x1536.jpg 1152w, https:\/\/www.villatheresa.ee\/wp-content\/uploads\/2025\/05\/villa_theresa_sviidi_magamistuba-1536x2048.jpg 1536w, https:\/\/www.villatheresa.ee\/wp-content\/uploads\/2025\/05\/villa_theresa_sviidi_magamistuba-1568x2091.jpg 1568w\" sizes=\"auto, (max-width: 1920px) 100vw, 1920px\" \/><\/a><\/figure>\n\n\n\n<figure class=\"wp-block-image size-full\"><a href=\"https:\/\/www.villatheresa.ee\/wp-content\/uploads\/2025\/05\/villa_theresa_sviit_saun-scaled.jpg\"><img loading=\"lazy\" decoding=\"async\" width=\"1920\" height=\"2560\" data-id=\"2197\" src=\"https:\/\/www.villatheresa.ee\/wp-content\/uploads\/2025\/05\/villa_theresa_sviit_saun-scaled.jpg\" alt=\"\" class=\"wp-image-2197\" srcset=\"https:\/\/www.villatheresa.ee\/wp-content\/uploads\/2025\/05\/villa_theresa_sviit_saun-scaled.jpg 1920w, https:\/\/www.villatheresa.ee\/wp-content\/uploads\/2025\/05\/villa_theresa_sviit_saun-225x300.jpg 225w, https:\/\/www.villatheresa.ee\/wp-content\/uploads\/2025\/05\/villa_theresa_sviit_saun-768x1024.jpg 768w, https:\/\/www.villatheresa.ee\/wp-content\/uploads\/2025\/05\/villa_theresa_sviit_saun-1152x1536.jpg 1152w, https:\/\/www.villatheresa.ee\/wp-content\/uploads\/2025\/05\/villa_theresa_sviit_saun-1536x2048.jpg 1536w, https:\/\/www.villatheresa.ee\/wp-content\/uploads\/2025\/05\/villa_theresa_sviit_saun-1568x2091.jpg 1568w\" sizes=\"auto, (max-width: 1920px) 100vw, 1920px\" \/><\/a><\/figure>\n\n\n\n<figure class=\"wp-block-image size-full\"><a href=\"https:\/\/www.villatheresa.ee\/wp-content\/uploads\/2025\/05\/sviit_vannituba-scaled.jpg\"><img loading=\"lazy\" decoding=\"async\" width=\"1920\" height=\"2560\" data-id=\"2177\" src=\"https:\/\/www.villatheresa.ee\/wp-content\/uploads\/2025\/05\/sviit_vannituba-scaled.jpg\" alt=\"\" class=\"wp-image-2177\" srcset=\"https:\/\/www.villatheresa.ee\/wp-content\/uploads\/2025\/05\/sviit_vannituba-scaled.jpg 1920w, https:\/\/www.villatheresa.ee\/wp-content\/uploads\/2025\/05\/sviit_vannituba-225x300.jpg 225w, https:\/\/www.villatheresa.ee\/wp-content\/uploads\/2025\/05\/sviit_vannituba-768x1024.jpg 768w, https:\/\/www.villatheresa.ee\/wp-content\/uploads\/2025\/05\/sviit_vannituba-1152x1536.jpg 1152w, https:\/\/www.villatheresa.ee\/wp-content\/uploads\/2025\/05\/sviit_vannituba-1536x2048.jpg 1536w, https:\/\/www.villatheresa.ee\/wp-content\/uploads\/2025\/05\/sviit_vannituba-1568x2091.jpg 1568w\" sizes=\"auto, (max-width: 1920px) 100vw, 1920px\" \/><\/a><\/figure>\n<\/figure>\n<\/div>\n\n\n\n<div class=\"wp-block-column is-vertically-aligned-center is-layout-flow wp-block-column-is-layout-flow\">\n<h2 class=\"wp-block-heading\">SVIITTI OMALLA SAUNALLA<\/h2>\n\n\n\n<ul class=\"wp-block-list\">\n<li>Tilavassa, parvekkeellisessa sviitiss\u00e4 (62m<sup>2<\/sup>) on olohuone, makuuhuone ja sauna. Parvekkeella on my\u00f6s yksityinen istuskeluryhm\u00e4.<\/li>\n\n\n\n<li>Ilmainen WiFi<\/li>\n\n\n\n<li>LCD-televisio<\/li>\n\n\n\n<li>Mahdollisuus kahvin ja teen valmistamiseen<\/li>\n\n\n\n<li>J\u00e4\u00e4kaappi<\/li>\n\n\n\n<li>Ilmastointi<\/li>\n\n\n\n<li>Vieraille kylpytakit ja tohvelit<\/li>\n\n\n\n<li>Kylpyhuoneessa on lattial\u00e4mmitys, suihkukoppi, sauna ja amme<\/li>\n\n\n\n<li>Pys\u00e4k\u00f6inti hotellin pys\u00e4k\u00f6intialueella on vieraillemme maksutonta<\/li>\n\n\n\n<li>Sviittiin voi saada yhden lis\u00e4s\u00e4ngyn tai pinnas\u00e4ngyn.<\/li>\n<\/ul>\n\n\n\n<p>Tupakointi hotellihuoneissa on kielletty \u2013 hotellissa on tupakointihuone. Lemmikit ovat tervetulleita hotelliimme. Lis\u00e4maksu lemmikist\u00e4 on 10 euroa\/vuorokausi.<\/p>\n\n\n\n<div class=\"wp-block-buttons is-layout-flex wp-block-buttons-is-layout-flex\">\n<div class=\"wp-block-button\"><a class=\"wp-block-button__link wp-element-button\" href=\"mailto:info@villatheresa.ee\" target=\"_blank\" rel=\"noreferrer noopener\"><strong>VARAA NYT<\/strong><\/a><\/div>\n<\/div>\n\n\n\n<p><\/p>\n<\/div>\n<\/div>\n\n\n\n<div class=\"wp-block-columns alignwide is-layout-flex wp-container-core-columns-is-layout-9d6595d7 wp-block-columns-is-layout-flex\">\n<div class=\"wp-block-column is-layout-flow wp-block-column-is-layout-flow\">\n<iframe src=\"https:\/\/www.google.com\/maps\/embed?pb=!1m18!1m12!1m3!1d2034.7266159725687!2d26.350840951636847!3d59.33751798157171!2m3!1f0!2f0!3f0!3m2!1i1024!2i768!4f13.1!3m3!1m2!1s0x4693742ee64f9035%3A0xa080ebf91a102208!2sVilla%20Theresa%20O%C3%9C!5e0!3m2!1sen!2see!4v1636984250479!5m2!1sen!2see\" width=\"100%\" height=\"350\" style=\"border:0;\" allowfullscreen=\"\" loading=\"lazy\"><\/iframe>\n<\/div>\n<\/div>\n","protected":false},"excerpt":{"rendered":"<p>VILLA THERESAN HUONEET Villa Theresan kaikki huoneet ovat tilavia ja jugendtyyliin sisustettuja. Huoneissa on ilmastointilaitteet. Runsas buffetaamiainen tarjoillaan ravintolan talvipuutarhassa, ja kes\u00e4aikaan vieraiden k\u00e4yt\u00f6ss\u00e4 on my\u00f6s terassi, jossa aamukahvin voi nauttia linnunlaulua kuunnellen. Hotellin tilavassa aulassa on useita istuinryhmi\u00e4, joista yhdess\u00e4 on takka ja LCD-televisio, kun taas muista avautuu kaunis luonnonmaisema. Meill\u00e4 on allergiahuoneita sek\u00e4 [&hellip;]<\/p>\n","protected":false},"author":2,"featured_media":0,"parent":0,"menu_order":0,"comment_status":"closed","ping_status":"closed","template":"","meta":{"footnotes":""},"class_list":["post-1353","page","type-page","status-publish","hentry"],"yoast_head":"<!-- This site is optimized with the Yoast SEO plugin v25.0 - https:\/\/yoast.com\/wordpress\/plugins\/seo\/ -->\n<title>Huoneet - Villa Theresa<\/title>\n<meta name=\"robots\" content=\"index, follow, max-snippet:-1, max-image-preview:large, max-video-preview:-1\" \/>\n<link rel=\"canonical\" href=\"https:\/\/www.villatheresa.ee\/fi\/huoneet\/\" \/>\n<meta property=\"og:locale\" content=\"fi_FI\" \/>\n<meta property=\"og:type\" content=\"article\" \/>\n<meta property=\"og:title\" content=\"Huoneet - Villa Theresa\" \/>\n<meta property=\"og:description\" content=\"VILLA THERESAN HUONEET Villa Theresan kaikki huoneet ovat tilavia ja jugendtyyliin sisustettuja. Huoneissa on ilmastointilaitteet. Runsas buffetaamiainen tarjoillaan ravintolan talvipuutarhassa, ja kes\u00e4aikaan vieraiden k\u00e4yt\u00f6ss\u00e4 on my\u00f6s terassi, jossa aamukahvin voi nauttia linnunlaulua kuunnellen. Hotellin tilavassa aulassa on useita istuinryhmi\u00e4, joista yhdess\u00e4 on takka ja LCD-televisio, kun taas muista avautuu kaunis luonnonmaisema. Meill\u00e4 on allergiahuoneita sek\u00e4 [&hellip;]\" \/>\n<meta property=\"og:url\" content=\"https:\/\/www.villatheresa.ee\/fi\/huoneet\/\" \/>\n<meta property=\"og:site_name\" content=\"Villa Theresa\" \/>\n<meta property=\"article:modified_time\" content=\"2025-05-16T09:19:53+00:00\" \/>\n<meta property=\"og:image\" content=\"https:\/\/www.villatheresa.ee\/wp-content\/uploads\/2021\/11\/lilled_rakvere_villatheresa.jpg\" \/>\n\t<meta property=\"og:image:width\" content=\"1920\" \/>\n\t<meta property=\"og:image:height\" content=\"1278\" \/>\n\t<meta property=\"og:image:type\" content=\"image\/jpeg\" \/>\n<meta name=\"twitter:card\" content=\"summary_large_image\" \/>\n<meta name=\"twitter:label1\" content=\"Arvioitu lukuaika\" \/>\n\t<meta name=\"twitter:data1\" content=\"3 minuuttia\" \/>\n<script type=\"application\/ld+json\" class=\"yoast-schema-graph\">{\"@context\":\"https:\/\/schema.org\",\"@graph\":[{\"@type\":\"WebPage\",\"@id\":\"https:\/\/www.villatheresa.ee\/fi\/huoneet\/\",\"url\":\"https:\/\/www.villatheresa.ee\/fi\/huoneet\/\",\"name\":\"Huoneet - Villa Theresa\",\"isPartOf\":{\"@id\":\"https:\/\/www.villatheresa.ee\/#website\"},\"primaryImageOfPage\":{\"@id\":\"https:\/\/www.villatheresa.ee\/fi\/huoneet\/#primaryimage\"},\"image\":{\"@id\":\"https:\/\/www.villatheresa.ee\/fi\/huoneet\/#primaryimage\"},\"thumbnailUrl\":\"https:\/\/www.villatheresa.ee\/wp-content\/uploads\/2021\/11\/lilled_rakvere_villatheresa.jpg\",\"datePublished\":\"2021-11-15T11:19:59+00:00\",\"dateModified\":\"2025-05-16T09:19:53+00:00\",\"breadcrumb\":{\"@id\":\"https:\/\/www.villatheresa.ee\/fi\/huoneet\/#breadcrumb\"},\"inLanguage\":\"fi\",\"potentialAction\":[{\"@type\":\"ReadAction\",\"target\":[\"https:\/\/www.villatheresa.ee\/fi\/huoneet\/\"]}]},{\"@type\":\"ImageObject\",\"inLanguage\":\"fi\",\"@id\":\"https:\/\/www.villatheresa.ee\/fi\/huoneet\/#primaryimage\",\"url\":\"https:\/\/www.villatheresa.ee\/wp-content\/uploads\/2021\/11\/lilled_rakvere_villatheresa.jpg\",\"contentUrl\":\"https:\/\/www.villatheresa.ee\/wp-content\/uploads\/2021\/11\/lilled_rakvere_villatheresa.jpg\"},{\"@type\":\"BreadcrumbList\",\"@id\":\"https:\/\/www.villatheresa.ee\/fi\/huoneet\/#breadcrumb\",\"itemListElement\":[{\"@type\":\"ListItem\",\"position\":1,\"name\":\"Home\",\"item\":\"https:\/\/www.villatheresa.ee\/fi\/\"},{\"@type\":\"ListItem\",\"position\":2,\"name\":\"Huoneet\"}]},{\"@type\":\"WebSite\",\"@id\":\"https:\/\/www.villatheresa.ee\/#website\",\"url\":\"https:\/\/www.villatheresa.ee\/\",\"name\":\"Villa Theresa\",\"description\":\"Hotell Rakveres\",\"potentialAction\":[{\"@type\":\"SearchAction\",\"target\":{\"@type\":\"EntryPoint\",\"urlTemplate\":\"https:\/\/www.villatheresa.ee\/?s={search_term_string}\"},\"query-input\":{\"@type\":\"PropertyValueSpecification\",\"valueRequired\":true,\"valueName\":\"search_term_string\"}}],\"inLanguage\":\"fi\"}]}<\/script>\n<!-- \/ Yoast SEO plugin. -->","yoast_head_json":{"title":"Huoneet - Villa Theresa","robots":{"index":"index","follow":"follow","max-snippet":"max-snippet:-1","max-image-preview":"max-image-preview:large","max-video-preview":"max-video-preview:-1"},"canonical":"https:\/\/www.villatheresa.ee\/fi\/huoneet\/","og_locale":"fi_FI","og_type":"article","og_title":"Huoneet - Villa Theresa","og_description":"VILLA THERESAN HUONEET Villa Theresan kaikki huoneet ovat tilavia ja jugendtyyliin sisustettuja. Huoneissa on ilmastointilaitteet. Runsas buffetaamiainen tarjoillaan ravintolan talvipuutarhassa, ja kes\u00e4aikaan vieraiden k\u00e4yt\u00f6ss\u00e4 on my\u00f6s terassi, jossa aamukahvin voi nauttia linnunlaulua kuunnellen. Hotellin tilavassa aulassa on useita istuinryhmi\u00e4, joista yhdess\u00e4 on takka ja LCD-televisio, kun taas muista avautuu kaunis luonnonmaisema. Meill\u00e4 on allergiahuoneita sek\u00e4 [&hellip;]","og_url":"https:\/\/www.villatheresa.ee\/fi\/huoneet\/","og_site_name":"Villa Theresa","article_modified_time":"2025-05-16T09:19:53+00:00","og_image":[{"width":1920,"height":1278,"url":"https:\/\/www.villatheresa.ee\/wp-content\/uploads\/2021\/11\/lilled_rakvere_villatheresa.jpg","type":"image\/jpeg"}],"twitter_card":"summary_large_image","twitter_misc":{"Arvioitu lukuaika":"3 minuuttia"},"schema":{"@context":"https:\/\/schema.org","@graph":[{"@type":"WebPage","@id":"https:\/\/www.villatheresa.ee\/fi\/huoneet\/","url":"https:\/\/www.villatheresa.ee\/fi\/huoneet\/","name":"Huoneet - Villa Theresa","isPartOf":{"@id":"https:\/\/www.villatheresa.ee\/#website"},"primaryImageOfPage":{"@id":"https:\/\/www.villatheresa.ee\/fi\/huoneet\/#primaryimage"},"image":{"@id":"https:\/\/www.villatheresa.ee\/fi\/huoneet\/#primaryimage"},"thumbnailUrl":"https:\/\/www.villatheresa.ee\/wp-content\/uploads\/2021\/11\/lilled_rakvere_villatheresa.jpg","datePublished":"2021-11-15T11:19:59+00:00","dateModified":"2025-05-16T09:19:53+00:00","breadcrumb":{"@id":"https:\/\/www.villatheresa.ee\/fi\/huoneet\/#breadcrumb"},"inLanguage":"fi","potentialAction":[{"@type":"ReadAction","target":["https:\/\/www.villatheresa.ee\/fi\/huoneet\/"]}]},{"@type":"ImageObject","inLanguage":"fi","@id":"https:\/\/www.villatheresa.ee\/fi\/huoneet\/#primaryimage","url":"https:\/\/www.villatheresa.ee\/wp-content\/uploads\/2021\/11\/lilled_rakvere_villatheresa.jpg","contentUrl":"https:\/\/www.villatheresa.ee\/wp-content\/uploads\/2021\/11\/lilled_rakvere_villatheresa.jpg"},{"@type":"BreadcrumbList","@id":"https:\/\/www.villatheresa.ee\/fi\/huoneet\/#breadcrumb","itemListElement":[{"@type":"ListItem","position":1,"name":"Home","item":"https:\/\/www.villatheresa.ee\/fi\/"},{"@type":"ListItem","position":2,"name":"Huoneet"}]},{"@type":"WebSite","@id":"https:\/\/www.villatheresa.ee\/#website","url":"https:\/\/www.villatheresa.ee\/","name":"Villa Theresa","description":"Hotell Rakveres","potentialAction":[{"@type":"SearchAction","target":{"@type":"EntryPoint","urlTemplate":"https:\/\/www.villatheresa.ee\/?s={search_term_string}"},"query-input":{"@type":"PropertyValueSpecification","valueRequired":true,"valueName":"search_term_string"}}],"inLanguage":"fi"}]}},"_links":{"self":[{"href":"https:\/\/www.villatheresa.ee\/fi\/wp-json\/wp\/v2\/pages\/1353","targetHints":{"allow":["GET"]}}],"collection":[{"href":"https:\/\/www.villatheresa.ee\/fi\/wp-json\/wp\/v2\/pages"}],"about":[{"href":"https:\/\/www.villatheresa.ee\/fi\/wp-json\/wp\/v2\/types\/page"}],"author":[{"embeddable":true,"href":"https:\/\/www.villatheresa.ee\/fi\/wp-json\/wp\/v2\/users\/2"}],"replies":[{"embeddable":true,"href":"https:\/\/www.villatheresa.ee\/fi\/wp-json\/wp\/v2\/comments?post=1353"}],"version-history":[{"count":11,"href":"https:\/\/www.villatheresa.ee\/fi\/wp-json\/wp\/v2\/pages\/1353\/revisions"}],"predecessor-version":[{"id":2240,"href":"https:\/\/www.villatheresa.ee\/fi\/wp-json\/wp\/v2\/pages\/1353\/revisions\/2240"}],"wp:attachment":[{"href":"https:\/\/www.villatheresa.ee\/fi\/wp-json\/wp\/v2\/media?parent=1353"}],"curies":[{"name":"wp","href":"https:\/\/api.w.org\/{rel}","templated":true}]}}