{"id":1360,"date":"2021-11-18T08:58:43","date_gmt":"2021-11-18T08:58:43","guid":{"rendered":"https:\/\/www.villatheresa.ee\/a-la-carte-menuu\/"},"modified":"2026-04-12T15:36:22","modified_gmt":"2026-04-12T15:36:22","slug":"a-la-carte-lista","status":"publish","type":"page","link":"https:\/\/www.villatheresa.ee\/fi\/a-la-carte-lista\/","title":{"rendered":"\u00c0 LA CARTE -LISTA"},"content":{"rendered":"\n<div class=\"wp-block-cover alignfull is-light has-parallax\" style=\"min-height:249px;aspect-ratio:unset;\"><div class=\"wp-block-cover__image-background wp-image-344 has-parallax\" style=\"background-position:50% 50%;background-image:url(https:\/\/www.villatheresa.ee\/wp-content\/uploads\/2021\/11\/kitsejuust_villa_theresa.jpg)\"><\/div><span aria-hidden=\"true\" class=\"wp-block-cover__background has-background-dim-40 has-background-dim\"><\/span><div class=\"wp-block-cover__inner-container is-layout-flow wp-block-cover-is-layout-flow\">\n<p><\/p>\n<\/div><\/div>\n\n\n\n<h2 class=\"wp-block-heading has-text-align-center\"><meta charset=\"utf-8\">\u00c0 LA CARTE -LISTA<\/h2>\n\n\n\n<div class=\"wp-block-columns alignfull is-layout-flex wp-container-core-columns-is-layout-9d6595d7 wp-block-columns-is-layout-flex\">\n<div class=\"wp-block-column is-layout-flow wp-block-column-is-layout-flow\">\n<div class=\"wp-block-cover aligncenter has-parallax\" style=\"min-height:100vh;aspect-ratio:unset;\"><div class=\"wp-block-cover__image-background wp-image-344 has-parallax\" style=\"background-position:50% 50%;background-image:url(https:\/\/www.villatheresa.ee\/wp-content\/uploads\/2021\/11\/kitsejuust_villa_theresa.jpg)\"><\/div><span aria-hidden=\"true\" class=\"wp-block-cover__background has-background-dim-70 has-background-dim\"><\/span><div class=\"wp-block-cover__inner-container is-layout-flow wp-block-cover-is-layout-flow\">\n<div style=\"height:23px\" aria-hidden=\"true\" class=\"wp-block-spacer\"><\/div>\n\n\n\n<h2 class=\"wp-block-heading has-text-align-center\"><meta charset=\"utf-8\"><\/meta><meta charset=\"utf-8\"><\/meta><strong><strong>Keitot ja alkuruoat<\/strong><\/strong><\/h2>\n\n\n\n<p class=\"has-text-align-center\"><\/p>\n\n\n\n<p class=\"has-text-align-center\" style=\"font-size:18px\"><strong>Leip\u00e4lajitelma (leip\u00e4valikoima, maustettu voi, kokin yll\u00e4tys)  3 <\/strong><\/p>\n\n\n\n<hr class=\"wp-block-separator has-css-opacity alignwide\"\/>\n\n\n\n<p class=\"has-text-align-center\" style=\"font-size:18px\"><strong>Slightly spicy roasted tomato soup<\/strong> <strong>9<\/strong><\/p>\n\n\n\n<p class=\"has-text-align-center\" style=\"font-size:18px\"><strong><strong>Katkarapu-bisque <\/strong><\/strong>(kuningaskatkarapuja, yrttikermaa, taimenenm\u00e4ti\u00e4<strong><strong>)<\/strong><\/strong> <strong>15 <\/strong><\/p>\n\n\n\n<p><\/p>\n\n\n\n<p class=\"has-text-align-center\" style=\"font-size:18px\"><strong><strong>Tuoresalaatti vuohenjuustokreemill\u00e4, paahdetulla punajuurella ja hasselp\u00e4hkin\u00f6ill\u00e4<\/strong> 15<\/strong><\/p>\n\n\n\n<p class=\"has-text-align-center\" style=\"font-size:18px\"><strong><strong>Savuankkasalaatti appelsiinilohkoilla ja granaattiomenakastikkeella<\/strong> 14<\/strong><\/p>\n\n\n\n<p class=\"has-text-align-center\" style=\"font-size:18px\"><strong>Katkarapu Fra Diavolo<\/strong> (7 j\u00e4ttikatkarapua, mausteinen tomaattikastike, chili\u00f6ljy) <strong>17 <\/strong><\/p>\n\n\n\n<p class=\"has-text-align-center\" style=\"font-size:18px\"><strong><strong>Naudan carpaccio vihre\u00e4ll\u00e4 salaatilla, tryffeli\u00f6ljyll\u00e4 ja parmesaanilla<\/strong> 17<\/strong><\/p>\n\n\n\n<p class=\"has-text-align-center\" style=\"font-size:18px\"><\/p>\n\n\n\n<p><strong>&nbsp; <\/strong><\/p>\n\n\n\n<p><\/p>\n<\/div><\/div>\n\n\n\n<div class=\"wp-block-cover aligncenter has-parallax\" style=\"min-height:100vh;aspect-ratio:unset;\"><div class=\"wp-block-cover__image-background wp-image-344 has-parallax\" style=\"background-position:50% 50%;background-image:url(https:\/\/www.villatheresa.ee\/wp-content\/uploads\/2021\/11\/kitsejuust_villa_theresa.jpg)\"><\/div><span aria-hidden=\"true\" class=\"wp-block-cover__background has-background-dim-70 has-background-dim\"><\/span><div class=\"wp-block-cover__inner-container is-layout-flow wp-block-cover-is-layout-flow\">\n<h2 class=\"wp-block-heading has-text-align-center\"><meta charset=\"utf-8\"><meta charset=\"utf-8\"><\/h2>\n\n\n\n<p class=\"has-text-align-center\" style=\"font-size:26px\"><strong>Pasta<\/strong><\/p>\n\n\n\n<p class=\"has-text-align-center\" style=\"font-size:18px\"><strong>K\u00e4sintehty linguine naudanlihalla<\/strong> (naudan sis\u00e4filee, aurinkokuivatut tomaatit, kantarellit,  yrtit, oliivi\u00f6ljy, parmesaani) <strong>19 <\/strong><\/p>\n\n\n\n<p class=\"has-text-align-center\" style=\"font-size:18px\">K<strong>\u00e4sintehtyj\u00e4 ravioleja katkarapu-lohit\u00e4ytteell\u00e4 <\/strong>(taimenenm\u00e4ti\u00e4, valkoviinikastiketta)<strong> 18 <\/strong><\/p>\n\n\n\n<p class=\"has-text-align-center\" style=\"font-size:18px\"><strong>Merenel\u00e4v\u00e4pasta (<\/strong>mustekalaspagettia, j\u00e4ttikatkarapuja, simpukoita, sitruuna-sahramikastiketta)<strong> 19 <\/strong><\/p>\n\n\n\n<p><\/p>\n\n\n\n<h2 class=\"wp-block-heading has-text-align-center\"><strong><strong>P\u00e4\u00e4ruoat<\/strong><\/strong><\/h2>\n\n\n\n<hr class=\"wp-block-separator has-css-opacity alignwide\"\/>\n\n\n\n<p class=\"has-text-align-center\" style=\"font-size:18px\"><strong><strong>Mungpapu-kookoscurry ja basmatiriisi<\/strong> <\/strong> <strong>19<\/strong><\/p>\n\n\n\n<p class=\"has-text-align-center\" style=\"font-size:18px\"><strong><strong>Sous-vide \u2013ankkafilee <\/strong><\/strong>(duchesse-perunat, vihannekset ja punaviini-luumukastike) <strong>24 <\/strong><\/p>\n\n\n\n<p class=\"has-text-align-center\" style=\"font-size:18px\"><strong>Grillattu virolainen kuhafilee <\/strong>(peruna-yrttikerma, kasvikset, taimenenm\u00e4tit, porkkana-voikastike)<strong> 28 <\/strong><\/p>\n\n\n\n<p class=\"has-text-align-center\" style=\"font-size:18px\">Grillattu nuoren lampaan sis\u00e4filee (peruna-tryffeligratiini, kasvikset, lampaan bordelaise) <strong> 28<\/strong><\/p>\n\n\n\n<p class=\"has-text-align-center\" style=\"font-size:18px\"><strong>Hitaasti kypsennetty virolainen naudanposki <\/strong>(perunakerma, karamellisoidut porkkanat, punaviinikastike)<strong> 29<\/strong> <\/p>\n\n\n\n<p><\/p>\n\n\n\n<p class=\"has-text-align-center\" style=\"font-size:18px\"><strong><strong>Klassinen naudan hampurilainen<\/strong> 15<br><\/strong>(kotitekoinen briossis\u00e4mpyl\u00e4, itse tehty naudanlihapihvi, cheddarjuusto, tomaatti, suolakurkku, marinoitu punasipuli,\u00a0yrttimajoneesi)<\/p>\n\n\n\n<p class=\"has-text-align-center\" style=\"font-size:18px\"><strong>BBQ-naudanlihaburgeri <\/strong> <strong>16<\/strong><\/p>\n\n\n\n<p class=\"has-text-align-center\" style=\"font-size:18px\">(briossis\u00e4mpyl\u00e4, itse tehty naudanlihapihvi, BBQ-kastike, sipulihillo, cheddarjuustoa, tomaatti, suolakurkku, yrttimajoneesi)<\/p>\n\n\n\n<p class=\"has-text-align-center\" style=\"font-size:18px\"><strong>Tryffelill\u00e4 maustetut pihviranskalaiset<\/strong> <strong>6<\/strong><\/p>\n\n\n\n<p class=\"has-text-align-center\" style=\"font-size:18px\"><\/p>\n\n\n\n<p class=\"has-text-align-center\" style=\"font-size:18px\"><\/p>\n\n\n\n<p class=\"has-text-align-center\" style=\"font-size:18px\"><\/p>\n\n\n\n<p class=\"has-text-align-center\" style=\"font-size:18px\"><\/p>\n\n\n\n<p class=\"has-text-align-center\" style=\"font-size:18px\"><\/p>\n\n\n\n<p><\/p>\n\n\n\n<p><\/p>\n<\/div><\/div>\n\n\n\n<div class=\"wp-block-cover has-parallax\" style=\"min-height:100vh;aspect-ratio:unset;\"><div class=\"wp-block-cover__image-background wp-image-586 has-parallax\" style=\"background-position:50% 50%;background-image:url(https:\/\/www.villatheresa.ee\/wp-content\/uploads\/2021\/11\/shokolaadi_fnonndant_villa_theresa.jpg)\"><\/div><span aria-hidden=\"true\" class=\"wp-block-cover__background has-background-dim-70 has-background-dim\"><\/span><div class=\"wp-block-cover__inner-container is-layout-flow wp-block-cover-is-layout-flow\">\n<h2 class=\"wp-block-heading has-text-align-center\">J\u00e4lkiruoat<\/h2>\n\n\n\n<hr class=\"wp-block-separator has-css-opacity alignwide\"\/>\n\n\n\n<p class=\"has-text-align-center\" style=\"font-size:18px\"><\/p>\n\n\n\n<p class=\"has-text-align-center\" style=\"font-size:18px\"><strong><strong>Cr\u00e8me br\u00fbl\u00e9e  marjoilla<\/strong>  8 <\/strong><\/p>\n\n\n\n<p class=\"has-text-align-center\" style=\"font-size:18px\"><strong>J\u00e4\u00e4tel\u00f6\u00e4 rapealla marenkilla ja kauden marjoilla 8<\/strong><\/p>\n\n\n\n<p class=\"has-text-align-center\" style=\"font-size:18px\"><strong><strong>Suklaafondant, vaniljaj\u00e4\u00e4tel\u00f6<\/strong><\/strong> <strong> 10 <\/strong><\/p>\n\n\n\n<p><\/p>\n\n\n\n<p><\/p>\n\n\n\n<p><\/p>\n\n\n\n<p><\/p>\n\n\n\n<p><\/p>\n\n\n\n<p><\/p>\n\n\n\n<p><\/p>\n\n\n\n<p><\/p>\n\n\n\n<p><\/p>\n\n\n\n<p><\/p>\n\n\n\n<p><\/p>\n<\/div><\/div>\n<\/div>\n<\/div>\n","protected":false},"excerpt":{"rendered":"<p>\u00c0 LA CARTE -LISTA<\/p>\n","protected":false},"author":2,"featured_media":0,"parent":0,"menu_order":0,"comment_status":"closed","ping_status":"closed","template":"","meta":{"footnotes":""},"class_list":["post-1360","page","type-page","status-publish","hentry"],"yoast_head":"<!-- This site is optimized with the Yoast SEO plugin v25.0 - https:\/\/yoast.com\/wordpress\/plugins\/seo\/ -->\n<title>\u00c0 LA CARTE -LISTA - Villa Theresa<\/title>\n<meta name=\"robots\" content=\"index, follow, max-snippet:-1, max-image-preview:large, max-video-preview:-1\" \/>\n<link rel=\"canonical\" href=\"https:\/\/www.villatheresa.ee\/fi\/a-la-carte-lista\/\" \/>\n<meta property=\"og:locale\" content=\"fi_FI\" \/>\n<meta property=\"og:type\" content=\"article\" \/>\n<meta property=\"og:title\" content=\"\u00c0 LA CARTE -LISTA - Villa Theresa\" \/>\n<meta property=\"og:description\" content=\"\u00c0 LA CARTE -LISTA\" \/>\n<meta property=\"og:url\" content=\"https:\/\/www.villatheresa.ee\/fi\/a-la-carte-lista\/\" \/>\n<meta property=\"og:site_name\" content=\"Villa Theresa\" \/>\n<meta property=\"article:modified_time\" content=\"2026-04-12T15:36:22+00:00\" \/>\n<meta name=\"twitter:card\" content=\"summary_large_image\" \/>\n<meta name=\"twitter:label1\" content=\"Arvioitu lukuaika\" \/>\n\t<meta name=\"twitter:data1\" content=\"2 minuuttia\" \/>\n<script type=\"application\/ld+json\" class=\"yoast-schema-graph\">{\"@context\":\"https:\/\/schema.org\",\"@graph\":[{\"@type\":\"WebPage\",\"@id\":\"https:\/\/www.villatheresa.ee\/fi\/a-la-carte-lista\/\",\"url\":\"https:\/\/www.villatheresa.ee\/fi\/a-la-carte-lista\/\",\"name\":\"\u00c0 LA CARTE -LISTA - Villa Theresa\",\"isPartOf\":{\"@id\":\"https:\/\/www.villatheresa.ee\/#website\"},\"datePublished\":\"2021-11-18T08:58:43+00:00\",\"dateModified\":\"2026-04-12T15:36:22+00:00\",\"breadcrumb\":{\"@id\":\"https:\/\/www.villatheresa.ee\/fi\/a-la-carte-lista\/#breadcrumb\"},\"inLanguage\":\"fi\",\"potentialAction\":[{\"@type\":\"ReadAction\",\"target\":[\"https:\/\/www.villatheresa.ee\/fi\/a-la-carte-lista\/\"]}]},{\"@type\":\"BreadcrumbList\",\"@id\":\"https:\/\/www.villatheresa.ee\/fi\/a-la-carte-lista\/#breadcrumb\",\"itemListElement\":[{\"@type\":\"ListItem\",\"position\":1,\"name\":\"Home\",\"item\":\"https:\/\/www.villatheresa.ee\/fi\/\"},{\"@type\":\"ListItem\",\"position\":2,\"name\":\"\u00c0 LA CARTE -LISTA\"}]},{\"@type\":\"WebSite\",\"@id\":\"https:\/\/www.villatheresa.ee\/#website\",\"url\":\"https:\/\/www.villatheresa.ee\/\",\"name\":\"Villa Theresa\",\"description\":\"Hotell Rakveres\",\"potentialAction\":[{\"@type\":\"SearchAction\",\"target\":{\"@type\":\"EntryPoint\",\"urlTemplate\":\"https:\/\/www.villatheresa.ee\/?s={search_term_string}\"},\"query-input\":{\"@type\":\"PropertyValueSpecification\",\"valueRequired\":true,\"valueName\":\"search_term_string\"}}],\"inLanguage\":\"fi\"}]}<\/script>\n<!-- \/ Yoast SEO plugin. -->","yoast_head_json":{"title":"\u00c0 LA CARTE -LISTA - Villa Theresa","robots":{"index":"index","follow":"follow","max-snippet":"max-snippet:-1","max-image-preview":"max-image-preview:large","max-video-preview":"max-video-preview:-1"},"canonical":"https:\/\/www.villatheresa.ee\/fi\/a-la-carte-lista\/","og_locale":"fi_FI","og_type":"article","og_title":"\u00c0 LA CARTE -LISTA - Villa Theresa","og_description":"\u00c0 LA CARTE -LISTA","og_url":"https:\/\/www.villatheresa.ee\/fi\/a-la-carte-lista\/","og_site_name":"Villa Theresa","article_modified_time":"2026-04-12T15:36:22+00:00","twitter_card":"summary_large_image","twitter_misc":{"Arvioitu lukuaika":"2 minuuttia"},"schema":{"@context":"https:\/\/schema.org","@graph":[{"@type":"WebPage","@id":"https:\/\/www.villatheresa.ee\/fi\/a-la-carte-lista\/","url":"https:\/\/www.villatheresa.ee\/fi\/a-la-carte-lista\/","name":"\u00c0 LA CARTE -LISTA - Villa Theresa","isPartOf":{"@id":"https:\/\/www.villatheresa.ee\/#website"},"datePublished":"2021-11-18T08:58:43+00:00","dateModified":"2026-04-12T15:36:22+00:00","breadcrumb":{"@id":"https:\/\/www.villatheresa.ee\/fi\/a-la-carte-lista\/#breadcrumb"},"inLanguage":"fi","potentialAction":[{"@type":"ReadAction","target":["https:\/\/www.villatheresa.ee\/fi\/a-la-carte-lista\/"]}]},{"@type":"BreadcrumbList","@id":"https:\/\/www.villatheresa.ee\/fi\/a-la-carte-lista\/#breadcrumb","itemListElement":[{"@type":"ListItem","position":1,"name":"Home","item":"https:\/\/www.villatheresa.ee\/fi\/"},{"@type":"ListItem","position":2,"name":"\u00c0 LA CARTE -LISTA"}]},{"@type":"WebSite","@id":"https:\/\/www.villatheresa.ee\/#website","url":"https:\/\/www.villatheresa.ee\/","name":"Villa Theresa","description":"Hotell Rakveres","potentialAction":[{"@type":"SearchAction","target":{"@type":"EntryPoint","urlTemplate":"https:\/\/www.villatheresa.ee\/?s={search_term_string}"},"query-input":{"@type":"PropertyValueSpecification","valueRequired":true,"valueName":"search_term_string"}}],"inLanguage":"fi"}]}},"_links":{"self":[{"href":"https:\/\/www.villatheresa.ee\/fi\/wp-json\/wp\/v2\/pages\/1360","targetHints":{"allow":["GET"]}}],"collection":[{"href":"https:\/\/www.villatheresa.ee\/fi\/wp-json\/wp\/v2\/pages"}],"about":[{"href":"https:\/\/www.villatheresa.ee\/fi\/wp-json\/wp\/v2\/types\/page"}],"author":[{"embeddable":true,"href":"https:\/\/www.villatheresa.ee\/fi\/wp-json\/wp\/v2\/users\/2"}],"replies":[{"embeddable":true,"href":"https:\/\/www.villatheresa.ee\/fi\/wp-json\/wp\/v2\/comments?post=1360"}],"version-history":[{"count":15,"href":"https:\/\/www.villatheresa.ee\/fi\/wp-json\/wp\/v2\/pages\/1360\/revisions"}],"predecessor-version":[{"id":2318,"href":"https:\/\/www.villatheresa.ee\/fi\/wp-json\/wp\/v2\/pages\/1360\/revisions\/2318"}],"wp:attachment":[{"href":"https:\/\/www.villatheresa.ee\/fi\/wp-json\/wp\/v2\/media?parent=1360"}],"curies":[{"name":"wp","href":"https:\/\/api.w.org\/{rel}","templated":true}]}}