{"id":1403,"date":"2021-12-02T07:31:30","date_gmt":"2021-12-02T07:31:30","guid":{"rendered":"https:\/\/www.villatheresa.ee\/things-to-do-in-rakvere\/"},"modified":"2022-01-03T17:09:28","modified_gmt":"2022-01-03T17:09:28","slug":"tekemista-rakveressa","status":"publish","type":"page","link":"https:\/\/www.villatheresa.ee\/fi\/tekemista-rakveressa\/","title":{"rendered":"Tekemist\u00e4 Rakveress\u00e4"},"content":{"rendered":"\n<div class=\"wp-block-cover alignfull has-background-dim-10 has-background-dim\" style=\"min-height:235px;aspect-ratio:unset;\"><img loading=\"lazy\" decoding=\"async\" width=\"1920\" height=\"1278\" class=\"wp-block-cover__image-background wp-image-979\" alt=\"\" src=\"https:\/\/www.villatheresa.ee\/wp-content\/uploads\/2021\/12\/rakvere_joul.jpeg\" style=\"object-position:41% 83%\" data-object-fit=\"cover\" data-object-position=\"41% 83%\" srcset=\"https:\/\/www.villatheresa.ee\/wp-content\/uploads\/2021\/12\/rakvere_joul.jpeg 1920w, https:\/\/www.villatheresa.ee\/wp-content\/uploads\/2021\/12\/rakvere_joul-300x200.jpeg 300w, https:\/\/www.villatheresa.ee\/wp-content\/uploads\/2021\/12\/rakvere_joul-1024x682.jpeg 1024w, https:\/\/www.villatheresa.ee\/wp-content\/uploads\/2021\/12\/rakvere_joul-768x511.jpeg 768w, https:\/\/www.villatheresa.ee\/wp-content\/uploads\/2021\/12\/rakvere_joul-1536x1022.jpeg 1536w, https:\/\/www.villatheresa.ee\/wp-content\/uploads\/2021\/12\/rakvere_joul-1568x1044.jpeg 1568w\" sizes=\"auto, (max-width: 1920px) 100vw, 1920px\" \/><div class=\"wp-block-cover__inner-container is-layout-flow wp-block-cover-is-layout-flow\">\n<p class=\"has-text-align-center has-large-font-size\"><\/p>\n<\/div><\/div>\n\n\n\n<h1 class=\"has-text-align-center wp-block-heading\">TEKEMIST\u00c4 RAKVERESS\u00c4 JA L\u00c4HIALUEELLA<\/h1>\n\n\n\n<p>https:\/\/politseimuuseum.ee\/fiRakveress\u00e4 on tekemist\u00e4 koko perheelle. Lapsiperheille suosittelemme&nbsp;<a href=\"https:\/\/politseimuuseum.ee\/fi\" target=\"_blank\" rel=\"noreferrer noopener\">Poliisimuseota<\/a> ja <a href=\"https:\/\/www.rakverelinnus.ee\/fi\" target=\"_blank\" rel=\"noreferrer noopener\">Rakveren linnoitusta<\/a>, jossa voi n\u00e4hd\u00e4 esityksi\u00e4 ja miekkailun\u00e4yt\u00f6ksi\u00e4 sek\u00e4 osallistua ty\u00f6pajoihin. <a href=\"http:\/\/www.aqvahotels.ee\/index.php\/fi\/vesipuistosaunakeskus\" target=\"_blank\" rel=\"noreferrer noopener\">Aqva Span kylpyl\u00e4 ja saunat <\/a>tarjoavat rentoutumista ja hauskanpitoa. <a href=\"https:\/\/www.loodusegakoos.ee\/where-to-go\/national-parks\/lahemaa-national-park\/beaver-trail-1-km\" target=\"_blank\" rel=\"noreferrer noopener\">Virkistyst\u00e4 kaipaavien kannattaa poiketa Lahemaan kansallispuiston <\/a>Majavapolulle, jossa luonnosta nauttimisen lis\u00e4ksi voi my\u00f6s pelata \u201dRetki Oandun majavapolulla\u201d -mobiilipeli\u00e4.<\/p>\n\n\n\n<p>Edell\u00e4 mainittujen lis\u00e4ksi Rakverell\u00e4 on paljon tarjottavaa my\u00f6s <a href=\"https:\/\/www.visitestonia.com\/fi\/haku?newsearch=newsearch&amp;q=rakvere&amp;random_seed=230155&amp;oldcategory=&amp;category=culture_history&amp;oldregion=&amp;region=&amp;cities[]=&amp;islands[]=&amp;resultscount=20&amp;sortby=&amp;dir=&amp;lat=&amp;lng=&amp;total_results=372\" target=\"_blank\" rel=\"noreferrer noopener\">historiasta ja kulttuurista kiinnostuneille<\/a>. L\u00e4hialueella on useita Viron mets\u00e4hallituksen (RMK) yll\u00e4pit\u00e4mi\u00e4 polkuja sek\u00e4 muita mahdollisuuksia <a href=\"https:\/\/www.visitestonia.com\/fi\/haku?newsearch=newsearch&amp;q=rakvere&amp;random_seed=230155&amp;oldcategory=culture_history&amp;category=nature&amp;oldregion=all&amp;region=all&amp;resultscount=20&amp;sortby=&amp;dir=&amp;lat=&amp;lng=&amp;total_results=44\" target=\"_blank\" rel=\"noreferrer noopener\">luonnosta nauttimiseen<\/a>. Yksi kauneimmista ja taianomaisimmista on \u00c4ntu Sinij\u00e4rven luontopolku, jonne on Rakverest\u00e4 noin 35 kilometrin matka. T\u00e4\u00e4lt\u00e4 l\u00f6yd\u00e4t Viron kirkasvetisimm\u00e4t j\u00e4rvet, joissa onnekas voi n\u00e4hd\u00e4 my\u00f6s rapuja. Jos viihdyt paremmin meren l\u00e4heisyydess\u00e4, kannattaa k\u00e4yd\u00e4 <a href=\"https:\/\/www.loodusegakoos.ee\/where-to-go\/national-parks\/lahemaa-national-park\/altja-nature-and-culture-historical-study-trail-3-km\" target=\"_blank\" rel=\"noreferrer noopener\">Altjan kalastajakyl\u00e4ss\u00e4<\/a>. Takaamme ett\u00e4 nautit lomastasi, tulet sitten yksin tai yst\u00e4v\u00e4n kanssa.<\/p>\n\n\n\n<blockquote class=\"wp-block-quote has-text-align-center is-style-large is-layout-flow wp-block-quote-is-layout-flow\"><p><em><em>Rakvere odottaa!<\/em><\/em><\/p><\/blockquote>\n\n\n\n<figure class=\"wp-block-gallery alignwide columns-3 is-cropped wp-block-gallery-1 is-layout-flex wp-block-gallery-is-layout-flex\"><ul class=\"blocks-gallery-grid\"><li class=\"blocks-gallery-item\"><figure><a href=\"https:\/\/www.villatheresa.ee\/wp-content\/uploads\/2021\/12\/rakvere-linnus-1024x576.jpg\"><img loading=\"lazy\" decoding=\"async\" width=\"1024\" height=\"576\" src=\"https:\/\/www.villatheresa.ee\/wp-content\/uploads\/2021\/12\/rakvere-linnus-1024x576.jpg\" alt=\"\" data-id=\"1013\" data-link=\"https:\/\/www.villatheresa.ee\/mida-teha-rakveres\/rakvere-linnus\/\" class=\"wp-image-1013\" srcset=\"https:\/\/www.villatheresa.ee\/wp-content\/uploads\/2021\/12\/rakvere-linnus-1024x576.jpg 1024w, https:\/\/www.villatheresa.ee\/wp-content\/uploads\/2021\/12\/rakvere-linnus-300x169.jpg 300w, https:\/\/www.villatheresa.ee\/wp-content\/uploads\/2021\/12\/rakvere-linnus-768x432.jpg 768w, https:\/\/www.villatheresa.ee\/wp-content\/uploads\/2021\/12\/rakvere-linnus-1536x864.jpg 1536w, https:\/\/www.villatheresa.ee\/wp-content\/uploads\/2021\/12\/rakvere-linnus-1568x882.jpg 1568w, https:\/\/www.villatheresa.ee\/wp-content\/uploads\/2021\/12\/rakvere-linnus.jpg 1600w\" sizes=\"auto, (max-width: 1024px) 100vw, 1024px\" \/><\/a><\/figure><\/li><li class=\"blocks-gallery-item\"><figure><a href=\"https:\/\/www.villatheresa.ee\/wp-content\/uploads\/2021\/11\/aqua_spa-1024x683.jpeg\"><img loading=\"lazy\" decoding=\"async\" width=\"1024\" height=\"683\" src=\"https:\/\/www.villatheresa.ee\/wp-content\/uploads\/2021\/11\/aqua_spa-1024x683.jpeg\" alt=\"\" data-id=\"909\" data-link=\"https:\/\/www.villatheresa.ee\/offer\/aqua-spa-vee-ja-saunakeskuse-pakett\/aqua_spa\/\" class=\"wp-image-909\" srcset=\"https:\/\/www.villatheresa.ee\/wp-content\/uploads\/2021\/11\/aqua_spa-1024x683.jpeg 1024w, https:\/\/www.villatheresa.ee\/wp-content\/uploads\/2021\/11\/aqua_spa-300x200.jpeg 300w, https:\/\/www.villatheresa.ee\/wp-content\/uploads\/2021\/11\/aqua_spa-768x512.jpeg 768w, https:\/\/www.villatheresa.ee\/wp-content\/uploads\/2021\/11\/aqua_spa.jpeg 1280w\" sizes=\"auto, (max-width: 1024px) 100vw, 1024px\" \/><\/a><\/figure><\/li><li class=\"blocks-gallery-item\"><figure><a href=\"https:\/\/www.villatheresa.ee\/wp-content\/uploads\/2021\/12\/koprarada-1024x427.jpg\"><img loading=\"lazy\" decoding=\"async\" width=\"1024\" height=\"427\" src=\"https:\/\/www.villatheresa.ee\/wp-content\/uploads\/2021\/12\/koprarada-1024x427.jpg\" alt=\"\" data-id=\"1018\" data-link=\"https:\/\/www.villatheresa.ee\/mida-teha-rakveres\/koprarada\/\" class=\"wp-image-1018\" srcset=\"https:\/\/www.villatheresa.ee\/wp-content\/uploads\/2021\/12\/koprarada-1024x427.jpg 1024w, https:\/\/www.villatheresa.ee\/wp-content\/uploads\/2021\/12\/koprarada-300x125.jpg 300w, https:\/\/www.villatheresa.ee\/wp-content\/uploads\/2021\/12\/koprarada-768x320.jpg 768w, https:\/\/www.villatheresa.ee\/wp-content\/uploads\/2021\/12\/koprarada-1536x640.jpg 1536w, https:\/\/www.villatheresa.ee\/wp-content\/uploads\/2021\/12\/koprarada-1568x653.jpg 1568w, https:\/\/www.villatheresa.ee\/wp-content\/uploads\/2021\/12\/koprarada.jpg 1920w\" sizes=\"auto, (max-width: 1024px) 100vw, 1024px\" \/><\/a><\/figure><\/li><li class=\"blocks-gallery-item\"><figure><a href=\"https:\/\/www.villatheresa.ee\/wp-content\/uploads\/2021\/12\/Altja_PeeterSirge.jpg\"><img loading=\"lazy\" decoding=\"async\" width=\"1024\" height=\"412\" src=\"https:\/\/www.villatheresa.ee\/wp-content\/uploads\/2021\/12\/Altja_PeeterSirge-1024x412.jpg\" alt=\"\" data-id=\"1075\" data-full-url=\"https:\/\/www.villatheresa.ee\/wp-content\/uploads\/2021\/12\/Altja_PeeterSirge.jpg\" data-link=\"https:\/\/www.villatheresa.ee\/mida-teha-rakveres\/altja_peetersirge\/\" class=\"wp-image-1075\" srcset=\"https:\/\/www.villatheresa.ee\/wp-content\/uploads\/2021\/12\/Altja_PeeterSirge-1024x412.jpg 1024w, https:\/\/www.villatheresa.ee\/wp-content\/uploads\/2021\/12\/Altja_PeeterSirge-300x121.jpg 300w, https:\/\/www.villatheresa.ee\/wp-content\/uploads\/2021\/12\/Altja_PeeterSirge-768x309.jpg 768w, https:\/\/www.villatheresa.ee\/wp-content\/uploads\/2021\/12\/Altja_PeeterSirge-1536x618.jpg 1536w, https:\/\/www.villatheresa.ee\/wp-content\/uploads\/2021\/12\/Altja_PeeterSirge-1568x630.jpg 1568w, https:\/\/www.villatheresa.ee\/wp-content\/uploads\/2021\/12\/Altja_PeeterSirge.jpg 1920w\" sizes=\"auto, (max-width: 1024px) 100vw, 1024px\" \/><\/a><\/figure><\/li><li class=\"blocks-gallery-item\"><figure><a href=\"https:\/\/www.villatheresa.ee\/wp-content\/uploads\/2021\/12\/4703167186_edd09d89b7_o.jpg\"><img loading=\"lazy\" decoding=\"async\" width=\"1024\" height=\"685\" src=\"https:\/\/www.villatheresa.ee\/wp-content\/uploads\/2021\/12\/4703167186_edd09d89b7_o.jpg\" alt=\"\" data-id=\"1079\" data-full-url=\"https:\/\/www.villatheresa.ee\/wp-content\/uploads\/2021\/12\/4703167186_edd09d89b7_o.jpg\" data-link=\"https:\/\/www.villatheresa.ee\/mida-teha-rakveres\/4703167186_edd09d89b7_o\/\" class=\"wp-image-1079\" srcset=\"https:\/\/www.villatheresa.ee\/wp-content\/uploads\/2021\/12\/4703167186_edd09d89b7_o.jpg 1024w, https:\/\/www.villatheresa.ee\/wp-content\/uploads\/2021\/12\/4703167186_edd09d89b7_o-300x201.jpg 300w, https:\/\/www.villatheresa.ee\/wp-content\/uploads\/2021\/12\/4703167186_edd09d89b7_o-768x514.jpg 768w\" sizes=\"auto, (max-width: 1024px) 100vw, 1024px\" \/><\/a><\/figure><\/li><\/ul><\/figure>\n\n\n\n<p><\/p>\n","protected":false},"excerpt":{"rendered":"<p>TEKEMIST\u00c4 RAKVERESS\u00c4 JA L\u00c4HIALUEELLA https:\/\/politseimuuseum.ee\/fiRakveress\u00e4 on tekemist\u00e4 koko perheelle. Lapsiperheille suosittelemme&nbsp;Poliisimuseota ja Rakveren linnoitusta, jossa voi n\u00e4hd\u00e4 esityksi\u00e4 ja miekkailun\u00e4yt\u00f6ksi\u00e4 sek\u00e4 osallistua ty\u00f6pajoihin. Aqva Span kylpyl\u00e4 ja saunat tarjoavat rentoutumista ja hauskanpitoa. Virkistyst\u00e4 kaipaavien kannattaa poiketa Lahemaan kansallispuiston Majavapolulle, jossa luonnosta nauttimisen lis\u00e4ksi voi my\u00f6s pelata \u201dRetki Oandun majavapolulla\u201d -mobiilipeli\u00e4. Edell\u00e4 mainittujen lis\u00e4ksi Rakverell\u00e4 on [&hellip;]<\/p>\n","protected":false},"author":2,"featured_media":0,"parent":0,"menu_order":0,"comment_status":"closed","ping_status":"closed","template":"","meta":{"footnotes":""},"class_list":["post-1403","page","type-page","status-publish","hentry"],"yoast_head":"<!-- This site is optimized with the Yoast SEO plugin v25.0 - https:\/\/yoast.com\/wordpress\/plugins\/seo\/ -->\n<title>Tekemist\u00e4 Rakveress\u00e4 - Villa Theresa<\/title>\n<meta name=\"robots\" content=\"index, follow, max-snippet:-1, max-image-preview:large, max-video-preview:-1\" \/>\n<link rel=\"canonical\" href=\"https:\/\/www.villatheresa.ee\/mida-teha-rakveres\/\" \/>\n<meta property=\"og:locale\" content=\"fi_FI\" \/>\n<meta property=\"og:type\" content=\"article\" \/>\n<meta property=\"og:title\" content=\"Tekemist\u00e4 Rakveress\u00e4 - Villa Theresa\" \/>\n<meta property=\"og:description\" content=\"TEKEMIST\u00c4 RAKVERESS\u00c4 JA L\u00c4HIALUEELLA https:\/\/politseimuuseum.ee\/fiRakveress\u00e4 on tekemist\u00e4 koko perheelle. Lapsiperheille suosittelemme&nbsp;Poliisimuseota ja Rakveren linnoitusta, jossa voi n\u00e4hd\u00e4 esityksi\u00e4 ja miekkailun\u00e4yt\u00f6ksi\u00e4 sek\u00e4 osallistua ty\u00f6pajoihin. Aqva Span kylpyl\u00e4 ja saunat tarjoavat rentoutumista ja hauskanpitoa. Virkistyst\u00e4 kaipaavien kannattaa poiketa Lahemaan kansallispuiston Majavapolulle, jossa luonnosta nauttimisen lis\u00e4ksi voi my\u00f6s pelata \u201dRetki Oandun majavapolulla\u201d -mobiilipeli\u00e4. Edell\u00e4 mainittujen lis\u00e4ksi Rakverell\u00e4 on [&hellip;]\" \/>\n<meta property=\"og:url\" content=\"https:\/\/www.villatheresa.ee\/mida-teha-rakveres\/\" \/>\n<meta property=\"og:site_name\" content=\"Villa Theresa\" \/>\n<meta property=\"article:modified_time\" content=\"2022-01-03T17:09:28+00:00\" \/>\n<meta property=\"og:image\" content=\"https:\/\/www.villatheresa.ee\/wp-content\/uploads\/2021\/12\/rakvere_joul.jpeg\" \/>\n<meta name=\"twitter:card\" content=\"summary_large_image\" \/>\n<meta name=\"twitter:label1\" content=\"Arvioitu lukuaika\" \/>\n\t<meta name=\"twitter:data1\" content=\"2 minuuttia\" \/>\n<script type=\"application\/ld+json\" class=\"yoast-schema-graph\">{\"@context\":\"https:\/\/schema.org\",\"@graph\":[{\"@type\":\"WebPage\",\"@id\":\"https:\/\/www.villatheresa.ee\/mida-teha-rakveres\/\",\"url\":\"https:\/\/www.villatheresa.ee\/mida-teha-rakveres\/\",\"name\":\"Tekemist\u00e4 Rakveress\u00e4 - Villa Theresa\",\"isPartOf\":{\"@id\":\"https:\/\/www.villatheresa.ee\/#website\"},\"primaryImageOfPage\":{\"@id\":\"https:\/\/www.villatheresa.ee\/mida-teha-rakveres\/#primaryimage\"},\"image\":{\"@id\":\"https:\/\/www.villatheresa.ee\/mida-teha-rakveres\/#primaryimage\"},\"thumbnailUrl\":\"https:\/\/www.villatheresa.ee\/wp-content\/uploads\/2021\/12\/rakvere_joul.jpeg\",\"datePublished\":\"2021-12-02T07:31:30+00:00\",\"dateModified\":\"2022-01-03T17:09:28+00:00\",\"breadcrumb\":{\"@id\":\"https:\/\/www.villatheresa.ee\/mida-teha-rakveres\/#breadcrumb\"},\"inLanguage\":\"fi\",\"potentialAction\":[{\"@type\":\"ReadAction\",\"target\":[\"https:\/\/www.villatheresa.ee\/mida-teha-rakveres\/\"]}]},{\"@type\":\"ImageObject\",\"inLanguage\":\"fi\",\"@id\":\"https:\/\/www.villatheresa.ee\/mida-teha-rakveres\/#primaryimage\",\"url\":\"https:\/\/www.villatheresa.ee\/wp-content\/uploads\/2021\/12\/rakvere_joul.jpeg\",\"contentUrl\":\"https:\/\/www.villatheresa.ee\/wp-content\/uploads\/2021\/12\/rakvere_joul.jpeg\"},{\"@type\":\"BreadcrumbList\",\"@id\":\"https:\/\/www.villatheresa.ee\/mida-teha-rakveres\/#breadcrumb\",\"itemListElement\":[{\"@type\":\"ListItem\",\"position\":1,\"name\":\"Home\",\"item\":\"https:\/\/www.villatheresa.ee\/fi\/\"},{\"@type\":\"ListItem\",\"position\":2,\"name\":\"Tekemist\u00e4 Rakveress\u00e4\"}]},{\"@type\":\"WebSite\",\"@id\":\"https:\/\/www.villatheresa.ee\/#website\",\"url\":\"https:\/\/www.villatheresa.ee\/\",\"name\":\"Villa Theresa\",\"description\":\"Hotell Rakveres\",\"potentialAction\":[{\"@type\":\"SearchAction\",\"target\":{\"@type\":\"EntryPoint\",\"urlTemplate\":\"https:\/\/www.villatheresa.ee\/?s={search_term_string}\"},\"query-input\":{\"@type\":\"PropertyValueSpecification\",\"valueRequired\":true,\"valueName\":\"search_term_string\"}}],\"inLanguage\":\"fi\"}]}<\/script>\n<!-- \/ Yoast SEO plugin. -->","yoast_head_json":{"title":"Tekemist\u00e4 Rakveress\u00e4 - Villa Theresa","robots":{"index":"index","follow":"follow","max-snippet":"max-snippet:-1","max-image-preview":"max-image-preview:large","max-video-preview":"max-video-preview:-1"},"canonical":"https:\/\/www.villatheresa.ee\/mida-teha-rakveres\/","og_locale":"fi_FI","og_type":"article","og_title":"Tekemist\u00e4 Rakveress\u00e4 - Villa Theresa","og_description":"TEKEMIST\u00c4 RAKVERESS\u00c4 JA L\u00c4HIALUEELLA https:\/\/politseimuuseum.ee\/fiRakveress\u00e4 on tekemist\u00e4 koko perheelle. Lapsiperheille suosittelemme&nbsp;Poliisimuseota ja Rakveren linnoitusta, jossa voi n\u00e4hd\u00e4 esityksi\u00e4 ja miekkailun\u00e4yt\u00f6ksi\u00e4 sek\u00e4 osallistua ty\u00f6pajoihin. Aqva Span kylpyl\u00e4 ja saunat tarjoavat rentoutumista ja hauskanpitoa. Virkistyst\u00e4 kaipaavien kannattaa poiketa Lahemaan kansallispuiston Majavapolulle, jossa luonnosta nauttimisen lis\u00e4ksi voi my\u00f6s pelata \u201dRetki Oandun majavapolulla\u201d -mobiilipeli\u00e4. Edell\u00e4 mainittujen lis\u00e4ksi Rakverell\u00e4 on [&hellip;]","og_url":"https:\/\/www.villatheresa.ee\/mida-teha-rakveres\/","og_site_name":"Villa Theresa","article_modified_time":"2022-01-03T17:09:28+00:00","og_image":[{"url":"https:\/\/www.villatheresa.ee\/wp-content\/uploads\/2021\/12\/rakvere_joul.jpeg","type":"","width":"","height":""}],"twitter_card":"summary_large_image","twitter_misc":{"Arvioitu lukuaika":"2 minuuttia"},"schema":{"@context":"https:\/\/schema.org","@graph":[{"@type":"WebPage","@id":"https:\/\/www.villatheresa.ee\/mida-teha-rakveres\/","url":"https:\/\/www.villatheresa.ee\/mida-teha-rakveres\/","name":"Tekemist\u00e4 Rakveress\u00e4 - Villa Theresa","isPartOf":{"@id":"https:\/\/www.villatheresa.ee\/#website"},"primaryImageOfPage":{"@id":"https:\/\/www.villatheresa.ee\/mida-teha-rakveres\/#primaryimage"},"image":{"@id":"https:\/\/www.villatheresa.ee\/mida-teha-rakveres\/#primaryimage"},"thumbnailUrl":"https:\/\/www.villatheresa.ee\/wp-content\/uploads\/2021\/12\/rakvere_joul.jpeg","datePublished":"2021-12-02T07:31:30+00:00","dateModified":"2022-01-03T17:09:28+00:00","breadcrumb":{"@id":"https:\/\/www.villatheresa.ee\/mida-teha-rakveres\/#breadcrumb"},"inLanguage":"fi","potentialAction":[{"@type":"ReadAction","target":["https:\/\/www.villatheresa.ee\/mida-teha-rakveres\/"]}]},{"@type":"ImageObject","inLanguage":"fi","@id":"https:\/\/www.villatheresa.ee\/mida-teha-rakveres\/#primaryimage","url":"https:\/\/www.villatheresa.ee\/wp-content\/uploads\/2021\/12\/rakvere_joul.jpeg","contentUrl":"https:\/\/www.villatheresa.ee\/wp-content\/uploads\/2021\/12\/rakvere_joul.jpeg"},{"@type":"BreadcrumbList","@id":"https:\/\/www.villatheresa.ee\/mida-teha-rakveres\/#breadcrumb","itemListElement":[{"@type":"ListItem","position":1,"name":"Home","item":"https:\/\/www.villatheresa.ee\/fi\/"},{"@type":"ListItem","position":2,"name":"Tekemist\u00e4 Rakveress\u00e4"}]},{"@type":"WebSite","@id":"https:\/\/www.villatheresa.ee\/#website","url":"https:\/\/www.villatheresa.ee\/","name":"Villa Theresa","description":"Hotell Rakveres","potentialAction":[{"@type":"SearchAction","target":{"@type":"EntryPoint","urlTemplate":"https:\/\/www.villatheresa.ee\/?s={search_term_string}"},"query-input":{"@type":"PropertyValueSpecification","valueRequired":true,"valueName":"search_term_string"}}],"inLanguage":"fi"}]}},"_links":{"self":[{"href":"https:\/\/www.villatheresa.ee\/fi\/wp-json\/wp\/v2\/pages\/1403","targetHints":{"allow":["GET"]}}],"collection":[{"href":"https:\/\/www.villatheresa.ee\/fi\/wp-json\/wp\/v2\/pages"}],"about":[{"href":"https:\/\/www.villatheresa.ee\/fi\/wp-json\/wp\/v2\/types\/page"}],"author":[{"embeddable":true,"href":"https:\/\/www.villatheresa.ee\/fi\/wp-json\/wp\/v2\/users\/2"}],"replies":[{"embeddable":true,"href":"https:\/\/www.villatheresa.ee\/fi\/wp-json\/wp\/v2\/comments?post=1403"}],"version-history":[{"count":3,"href":"https:\/\/www.villatheresa.ee\/fi\/wp-json\/wp\/v2\/pages\/1403\/revisions"}],"predecessor-version":[{"id":1475,"href":"https:\/\/www.villatheresa.ee\/fi\/wp-json\/wp\/v2\/pages\/1403\/revisions\/1475"}],"wp:attachment":[{"href":"https:\/\/www.villatheresa.ee\/fi\/wp-json\/wp\/v2\/media?parent=1403"}],"curies":[{"name":"wp","href":"https:\/\/api.w.org\/{rel}","templated":true}]}}