{"id":1406,"date":"2021-11-15T11:18:41","date_gmt":"2021-11-15T11:18:41","guid":{"rendered":"https:\/\/www.villatheresa.ee\/contact\/"},"modified":"2022-01-03T16:25:27","modified_gmt":"2022-01-03T16:25:27","slug":"yhteystiedot","status":"publish","type":"page","link":"https:\/\/www.villatheresa.ee\/fi\/yhteystiedot\/","title":{"rendered":"YHTEYSTIEDOT"},"content":{"rendered":"\n<div class=\"wp-block-cover alignfull has-background-dim-10 has-background-dim\" style=\"min-height:235px;aspect-ratio:unset;\"><img loading=\"lazy\" decoding=\"async\" width=\"1920\" height=\"1280\" class=\"wp-block-cover__image-background wp-image-103\" alt=\"\" src=\"https:\/\/www.villatheresa.ee\/wp-content\/uploads\/2021\/11\/Villa_Theresa_Rakvere.jpg\" style=\"object-position:44% 61%\" data-object-fit=\"cover\" data-object-position=\"44% 61%\" srcset=\"https:\/\/www.villatheresa.ee\/wp-content\/uploads\/2021\/11\/Villa_Theresa_Rakvere.jpg 1920w, https:\/\/www.villatheresa.ee\/wp-content\/uploads\/2021\/11\/Villa_Theresa_Rakvere-300x200.jpg 300w, https:\/\/www.villatheresa.ee\/wp-content\/uploads\/2021\/11\/Villa_Theresa_Rakvere-1024x683.jpg 1024w, https:\/\/www.villatheresa.ee\/wp-content\/uploads\/2021\/11\/Villa_Theresa_Rakvere-768x512.jpg 768w, https:\/\/www.villatheresa.ee\/wp-content\/uploads\/2021\/11\/Villa_Theresa_Rakvere-1536x1024.jpg 1536w, https:\/\/www.villatheresa.ee\/wp-content\/uploads\/2021\/11\/Villa_Theresa_Rakvere-1568x1045.jpg 1568w\" sizes=\"auto, (max-width: 1920px) 100vw, 1920px\" \/><div class=\"wp-block-cover__inner-container is-layout-flow wp-block-cover-is-layout-flow\">\n<p class=\"has-text-align-center has-large-font-size\"><\/p>\n<\/div><\/div>\n\n\n\n<h1 class=\"has-text-align-center wp-block-heading\">YHTEYSTIEDOT<\/h1>\n\n\n\n<p class=\"has-drop-cap\">Villa Theresa on ylellinen jugendtyylinen loma- ja ruokapaikka, joka sijaitsee Rakveren ikiaikaisessa tammimets\u00e4ss\u00e4. Rakveren tammimets\u00e4 on pohjoismaisessa kaupunkimaisemassa ainutlaatuinen ja yksi harvoja Pohjois-Virossa s\u00e4ilyneit\u00e4 tammimetsi\u00e4.<\/p>\n\n\n\n<p>Hyv\u00e4 sijainti rauhallisessa, luonnonkauniissa ymp\u00e4rist\u00f6ss\u00e4, huolellisesti valittu ruokalista ja korkeatasoinen palvelu takaavat, ett\u00e4 hotellimme on loistava kohde vaativammallekin vieraalle.<\/p>\n\n\n\n<p><\/p>\n\n\n\n<p class=\"has-text-align-center\"><strong><strong><strong>Ota rohkeasti yhteytt\u00e4:<\/strong><\/strong><\/strong><\/p>\n\n\n\n<p class=\"has-text-align-center\">Tammiku 13, Rakvere<br>+372 322 3699<br><a rel=\"noreferrer noopener\" href=\"mailto:info@villatheresa.ee\" target=\"_blank\">info@villatheresa.ee<\/a><\/p>\n\n\n\n<div class=\"wp-block-columns alignfull is-layout-flex wp-container-core-columns-is-layout-9d6595d7 wp-block-columns-is-layout-flex\">\n<div class=\"wp-block-column is-layout-flow wp-block-column-is-layout-flow\">\n<iframe src=\"https:\/\/www.google.com\/maps\/embed?pb=!1m18!1m12!1m3!1d2034.7266159725687!2d26.350840951636847!3d59.33751798157171!2m3!1f0!2f0!3f0!3m2!1i1024!2i768!4f13.1!3m3!1m2!1s0x4693742ee64f9035%3A0xa080ebf91a102208!2sVilla%20Theresa%20O%C3%9C!5e0!3m2!1sen!2see!4v1636984250479!5m2!1sen!2see\" width=\"100%\" height=\"350\" style=\"border:0;\" allowfullscreen=\"\" loading=\"lazy\"><\/iframe>\n<\/div>\n<\/div>\n\n\n\n<p><\/p>\n","protected":false},"excerpt":{"rendered":"<p>YHTEYSTIEDOT Villa Theresa on ylellinen jugendtyylinen loma- ja ruokapaikka, joka sijaitsee Rakveren ikiaikaisessa tammimets\u00e4ss\u00e4. Rakveren tammimets\u00e4 on pohjoismaisessa kaupunkimaisemassa ainutlaatuinen ja yksi harvoja Pohjois-Virossa s\u00e4ilyneit\u00e4 tammimetsi\u00e4. Hyv\u00e4 sijainti rauhallisessa, luonnonkauniissa ymp\u00e4rist\u00f6ss\u00e4, huolellisesti valittu ruokalista ja korkeatasoinen palvelu takaavat, ett\u00e4 hotellimme on loistava kohde vaativammallekin vieraalle. Ota rohkeasti yhteytt\u00e4: Tammiku 13, Rakvere+372 322 3699info@villatheresa.ee<\/p>\n","protected":false},"author":2,"featured_media":0,"parent":0,"menu_order":0,"comment_status":"closed","ping_status":"closed","template":"","meta":{"footnotes":""},"class_list":["post-1406","page","type-page","status-publish","hentry"],"yoast_head":"<!-- This site is optimized with the Yoast SEO plugin v25.0 - https:\/\/yoast.com\/wordpress\/plugins\/seo\/ -->\n<title>YHTEYSTIEDOT - Villa Theresa<\/title>\n<meta name=\"robots\" content=\"index, follow, max-snippet:-1, max-image-preview:large, max-video-preview:-1\" \/>\n<link rel=\"canonical\" href=\"https:\/\/www.villatheresa.ee\/kontakt\/\" \/>\n<meta property=\"og:locale\" content=\"fi_FI\" \/>\n<meta property=\"og:type\" content=\"article\" \/>\n<meta property=\"og:title\" content=\"YHTEYSTIEDOT - Villa Theresa\" \/>\n<meta property=\"og:description\" content=\"YHTEYSTIEDOT Villa Theresa on ylellinen jugendtyylinen loma- ja ruokapaikka, joka sijaitsee Rakveren ikiaikaisessa tammimets\u00e4ss\u00e4. Rakveren tammimets\u00e4 on pohjoismaisessa kaupunkimaisemassa ainutlaatuinen ja yksi harvoja Pohjois-Virossa s\u00e4ilyneit\u00e4 tammimetsi\u00e4. Hyv\u00e4 sijainti rauhallisessa, luonnonkauniissa ymp\u00e4rist\u00f6ss\u00e4, huolellisesti valittu ruokalista ja korkeatasoinen palvelu takaavat, ett\u00e4 hotellimme on loistava kohde vaativammallekin vieraalle. Ota rohkeasti yhteytt\u00e4: Tammiku 13, Rakvere+372 322 3699info@villatheresa.ee\" \/>\n<meta property=\"og:url\" content=\"https:\/\/www.villatheresa.ee\/kontakt\/\" \/>\n<meta property=\"og:site_name\" content=\"Villa Theresa\" \/>\n<meta property=\"article:modified_time\" content=\"2022-01-03T16:25:27+00:00\" \/>\n<meta property=\"og:image\" content=\"https:\/\/www.villatheresa.ee\/wp-content\/uploads\/2021\/11\/Villa_Theresa_Rakvere.jpg\" \/>\n<meta name=\"twitter:card\" content=\"summary_large_image\" \/>\n<meta name=\"twitter:label1\" content=\"Arvioitu lukuaika\" \/>\n\t<meta name=\"twitter:data1\" content=\"1 minuutti\" \/>\n<script type=\"application\/ld+json\" class=\"yoast-schema-graph\">{\"@context\":\"https:\/\/schema.org\",\"@graph\":[{\"@type\":\"WebPage\",\"@id\":\"https:\/\/www.villatheresa.ee\/kontakt\/\",\"url\":\"https:\/\/www.villatheresa.ee\/kontakt\/\",\"name\":\"YHTEYSTIEDOT - Villa Theresa\",\"isPartOf\":{\"@id\":\"https:\/\/www.villatheresa.ee\/#website\"},\"primaryImageOfPage\":{\"@id\":\"https:\/\/www.villatheresa.ee\/kontakt\/#primaryimage\"},\"image\":{\"@id\":\"https:\/\/www.villatheresa.ee\/kontakt\/#primaryimage\"},\"thumbnailUrl\":\"https:\/\/www.villatheresa.ee\/wp-content\/uploads\/2021\/11\/Villa_Theresa_Rakvere.jpg\",\"datePublished\":\"2021-11-15T11:18:41+00:00\",\"dateModified\":\"2022-01-03T16:25:27+00:00\",\"breadcrumb\":{\"@id\":\"https:\/\/www.villatheresa.ee\/kontakt\/#breadcrumb\"},\"inLanguage\":\"fi\",\"potentialAction\":[{\"@type\":\"ReadAction\",\"target\":[\"https:\/\/www.villatheresa.ee\/kontakt\/\"]}]},{\"@type\":\"ImageObject\",\"inLanguage\":\"fi\",\"@id\":\"https:\/\/www.villatheresa.ee\/kontakt\/#primaryimage\",\"url\":\"https:\/\/www.villatheresa.ee\/wp-content\/uploads\/2021\/11\/Villa_Theresa_Rakvere.jpg\",\"contentUrl\":\"https:\/\/www.villatheresa.ee\/wp-content\/uploads\/2021\/11\/Villa_Theresa_Rakvere.jpg\"},{\"@type\":\"BreadcrumbList\",\"@id\":\"https:\/\/www.villatheresa.ee\/kontakt\/#breadcrumb\",\"itemListElement\":[{\"@type\":\"ListItem\",\"position\":1,\"name\":\"Home\",\"item\":\"https:\/\/www.villatheresa.ee\/fi\/\"},{\"@type\":\"ListItem\",\"position\":2,\"name\":\"YHTEYSTIEDOT\"}]},{\"@type\":\"WebSite\",\"@id\":\"https:\/\/www.villatheresa.ee\/#website\",\"url\":\"https:\/\/www.villatheresa.ee\/\",\"name\":\"Villa Theresa\",\"description\":\"Hotell Rakveres\",\"potentialAction\":[{\"@type\":\"SearchAction\",\"target\":{\"@type\":\"EntryPoint\",\"urlTemplate\":\"https:\/\/www.villatheresa.ee\/?s={search_term_string}\"},\"query-input\":{\"@type\":\"PropertyValueSpecification\",\"valueRequired\":true,\"valueName\":\"search_term_string\"}}],\"inLanguage\":\"fi\"}]}<\/script>\n<!-- \/ Yoast SEO plugin. -->","yoast_head_json":{"title":"YHTEYSTIEDOT - Villa Theresa","robots":{"index":"index","follow":"follow","max-snippet":"max-snippet:-1","max-image-preview":"max-image-preview:large","max-video-preview":"max-video-preview:-1"},"canonical":"https:\/\/www.villatheresa.ee\/kontakt\/","og_locale":"fi_FI","og_type":"article","og_title":"YHTEYSTIEDOT - Villa Theresa","og_description":"YHTEYSTIEDOT Villa Theresa on ylellinen jugendtyylinen loma- ja ruokapaikka, joka sijaitsee Rakveren ikiaikaisessa tammimets\u00e4ss\u00e4. Rakveren tammimets\u00e4 on pohjoismaisessa kaupunkimaisemassa ainutlaatuinen ja yksi harvoja Pohjois-Virossa s\u00e4ilyneit\u00e4 tammimetsi\u00e4. Hyv\u00e4 sijainti rauhallisessa, luonnonkauniissa ymp\u00e4rist\u00f6ss\u00e4, huolellisesti valittu ruokalista ja korkeatasoinen palvelu takaavat, ett\u00e4 hotellimme on loistava kohde vaativammallekin vieraalle. Ota rohkeasti yhteytt\u00e4: Tammiku 13, Rakvere+372 322 3699info@villatheresa.ee","og_url":"https:\/\/www.villatheresa.ee\/kontakt\/","og_site_name":"Villa Theresa","article_modified_time":"2022-01-03T16:25:27+00:00","og_image":[{"url":"https:\/\/www.villatheresa.ee\/wp-content\/uploads\/2021\/11\/Villa_Theresa_Rakvere.jpg","type":"","width":"","height":""}],"twitter_card":"summary_large_image","twitter_misc":{"Arvioitu lukuaika":"1 minuutti"},"schema":{"@context":"https:\/\/schema.org","@graph":[{"@type":"WebPage","@id":"https:\/\/www.villatheresa.ee\/kontakt\/","url":"https:\/\/www.villatheresa.ee\/kontakt\/","name":"YHTEYSTIEDOT - Villa Theresa","isPartOf":{"@id":"https:\/\/www.villatheresa.ee\/#website"},"primaryImageOfPage":{"@id":"https:\/\/www.villatheresa.ee\/kontakt\/#primaryimage"},"image":{"@id":"https:\/\/www.villatheresa.ee\/kontakt\/#primaryimage"},"thumbnailUrl":"https:\/\/www.villatheresa.ee\/wp-content\/uploads\/2021\/11\/Villa_Theresa_Rakvere.jpg","datePublished":"2021-11-15T11:18:41+00:00","dateModified":"2022-01-03T16:25:27+00:00","breadcrumb":{"@id":"https:\/\/www.villatheresa.ee\/kontakt\/#breadcrumb"},"inLanguage":"fi","potentialAction":[{"@type":"ReadAction","target":["https:\/\/www.villatheresa.ee\/kontakt\/"]}]},{"@type":"ImageObject","inLanguage":"fi","@id":"https:\/\/www.villatheresa.ee\/kontakt\/#primaryimage","url":"https:\/\/www.villatheresa.ee\/wp-content\/uploads\/2021\/11\/Villa_Theresa_Rakvere.jpg","contentUrl":"https:\/\/www.villatheresa.ee\/wp-content\/uploads\/2021\/11\/Villa_Theresa_Rakvere.jpg"},{"@type":"BreadcrumbList","@id":"https:\/\/www.villatheresa.ee\/kontakt\/#breadcrumb","itemListElement":[{"@type":"ListItem","position":1,"name":"Home","item":"https:\/\/www.villatheresa.ee\/fi\/"},{"@type":"ListItem","position":2,"name":"YHTEYSTIEDOT"}]},{"@type":"WebSite","@id":"https:\/\/www.villatheresa.ee\/#website","url":"https:\/\/www.villatheresa.ee\/","name":"Villa Theresa","description":"Hotell Rakveres","potentialAction":[{"@type":"SearchAction","target":{"@type":"EntryPoint","urlTemplate":"https:\/\/www.villatheresa.ee\/?s={search_term_string}"},"query-input":{"@type":"PropertyValueSpecification","valueRequired":true,"valueName":"search_term_string"}}],"inLanguage":"fi"}]}},"_links":{"self":[{"href":"https:\/\/www.villatheresa.ee\/fi\/wp-json\/wp\/v2\/pages\/1406","targetHints":{"allow":["GET"]}}],"collection":[{"href":"https:\/\/www.villatheresa.ee\/fi\/wp-json\/wp\/v2\/pages"}],"about":[{"href":"https:\/\/www.villatheresa.ee\/fi\/wp-json\/wp\/v2\/types\/page"}],"author":[{"embeddable":true,"href":"https:\/\/www.villatheresa.ee\/fi\/wp-json\/wp\/v2\/users\/2"}],"replies":[{"embeddable":true,"href":"https:\/\/www.villatheresa.ee\/fi\/wp-json\/wp\/v2\/comments?post=1406"}],"version-history":[{"count":1,"href":"https:\/\/www.villatheresa.ee\/fi\/wp-json\/wp\/v2\/pages\/1406\/revisions"}],"predecessor-version":[{"id":1407,"href":"https:\/\/www.villatheresa.ee\/fi\/wp-json\/wp\/v2\/pages\/1406\/revisions\/1407"}],"wp:attachment":[{"href":"https:\/\/www.villatheresa.ee\/fi\/wp-json\/wp\/v2\/media?parent=1406"}],"curies":[{"name":"wp","href":"https:\/\/api.w.org\/{rel}","templated":true}]}}