{"id":1521,"date":"2021-11-11T22:23:26","date_gmt":"2021-11-11T22:23:26","guid":{"rendered":"https:\/\/www.villatheresa.ee\/andmekaitsetingimused\/"},"modified":"2022-02-11T07:45:51","modified_gmt":"2022-02-11T07:45:51","slug":"andmekaitsetingimused","status":"publish","type":"page","link":"https:\/\/www.villatheresa.ee\/fi\/andmekaitsetingimused\/","title":{"rendered":"Andmekaitsetingimused"},"content":{"rendered":"\n<div class=\"wp-block-cover alignfull has-background-dim\" style=\"min-height:300px;aspect-ratio:unset;\"><img loading=\"lazy\" decoding=\"async\" width=\"1981\" height=\"1318\" class=\"wp-block-cover__image-background wp-image-939\" alt=\"\" src=\"https:\/\/www.villatheresa.ee\/wp-content\/uploads\/2021\/12\/fuajee_villa_theresa.jpeg\" data-object-fit=\"cover\" srcset=\"https:\/\/www.villatheresa.ee\/wp-content\/uploads\/2021\/12\/fuajee_villa_theresa.jpeg 1981w, https:\/\/www.villatheresa.ee\/wp-content\/uploads\/2021\/12\/fuajee_villa_theresa-300x200.jpeg 300w, https:\/\/www.villatheresa.ee\/wp-content\/uploads\/2021\/12\/fuajee_villa_theresa-1024x681.jpeg 1024w, https:\/\/www.villatheresa.ee\/wp-content\/uploads\/2021\/12\/fuajee_villa_theresa-768x511.jpeg 768w, https:\/\/www.villatheresa.ee\/wp-content\/uploads\/2021\/12\/fuajee_villa_theresa-1536x1022.jpeg 1536w, https:\/\/www.villatheresa.ee\/wp-content\/uploads\/2021\/12\/fuajee_villa_theresa-1568x1043.jpeg 1568w\" sizes=\"auto, (max-width: 1981px) 100vw, 1981px\" \/><div class=\"wp-block-cover__inner-container is-layout-flow wp-block-cover-is-layout-flow\">\n<h1 class=\"has-text-align-center wp-block-heading\">HENKIL\u00d6TIETOJEN K\u00c4SITTELY\u00c4 KOSKEVAT JA EV\u00c4STEIDEN K\u00c4YT\u00d6N PERIAATTEET<\/h1>\n<\/div><\/div>\n\n\n\n<div class=\"wp-block-columns alignfull is-layout-flex wp-container-core-columns-is-layout-9d6595d7 wp-block-columns-is-layout-flex\">\n<div class=\"wp-block-column is-layout-flow wp-block-column-is-layout-flow\">\n<h3 class=\"wp-block-heading\">1. Henkil\u00f6tietojen k\u00e4sittely\u00e4 koskevat periaatteet<\/h3>\n\n\n\n<p>1.1. Henkil\u00f6tietojen k\u00e4sittely\u00e4 koskevat periaatteet ovat voimassa Villa Theresa verkkosivujen K\u00e4ytt\u00e4jille.<\/p>\n\n\n\n<p>Yrityksemme k\u00e4sittelee henkil\u00f6tietojasi ainoastaan palvelujen tarjoamisen (kokoustilan, kylpyl\u00e4hoidon tai p\u00f6yd\u00e4n varaamisen tai uutiskirjeen tilaamisen) yhteydess\u00e4. Emme luovuta, myy tai julkista henkil\u00f6tietojasi kolmansille osapuolille ilman etuk\u00e4teissuostumustasi, ellei lains\u00e4\u00e4d\u00e4nt\u00f6 toisin edellyt\u00e4.<\/p>\n\n\n\n<h3 class=\"wp-block-heading\">Tiedonkeruu<\/h3>\n\n\n\n<p><strong>Kokoustilan\/kylpyl\u00e4palvelun tilauslomakkeen t\u00e4ytt\u00e4misen yhteydess\u00e4 ker\u00e4tyt tiedot.<\/strong><\/p>\n\n\n\n<p>1.2. Kokoustilan\/kylpyl\u00e4palvelun Tilaajan tilauslomakkeissa esitt\u00e4m\u00e4t tiedot ovat joko pakollisia tai vapaaehtoisia.<br>1.3. Pakollisina tietoina Tilaajan on esitett\u00e4v\u00e4 seuraavat tiedot:<br>1.3.1. Koko nimi \u2015 tarvitaan varauksen k\u00e4sittelemiseen ja vahvistamiseen;<br>1.3.2. S\u00e4hk\u00f6postiosoite \u2015 tarvitaan varauksen k\u00e4sittelemiseen ja vahvistamiseen sek\u00e4 tarvittaessa laskun l\u00e4hett\u00e4miseen;<br>1.3.3. Puhelinnumero \u2015 tarvitaan varauksen k\u00e4sittelemiseen ja vahvistamiseen sek\u00e4 palvelujen tarjoamiseen, mukaan lukien palveluh\u00e4iri\u00f6ist\u00e4 ilmoittamiseen.<\/p>\n\n\n\n<p><strong>Uutiskirjeen tilauksen yhteydess\u00e4 ker\u00e4tyt tiedot<\/strong><\/p>\n\n\n\n<p>1.4. Pakollisina tietoina Tilaajan on esitett\u00e4v\u00e4 seuraavat tiedot:<br>1.4.1. S\u00e4hk\u00f6postiosoite \u2013 tarvitaan uutiskirjeen tilaamiseen.<br>1.5. Tilaaja antaa suostumuksensa yhteystietojensa k\u00e4ytt\u00e4miseen suoramarkkinointitarkoituksessa, jolloin h\u00e4nelle l\u00e4hetet\u00e4\u00e4n markkinointiviestej\u00e4 h\u00e4nen ilmoittamiensa yhteystietojen kautta.<br>1.6. Tilaajalla on oikeus milloin tahansa peruuttaa suoramarkkinointiviestien vastaanottaminen. Ohjeet vastaanottamisen peruuttamiseen annetaan jokaisen viestin yhteydess\u00e4.<br>1.7. Vastaava asiakastietojen k\u00e4sittelij\u00e4 on Villa Theresa, osoite Rakvere, Tammiku 13.<\/p>\n\n\n\n<p><strong>Tietojen s\u00e4ilytt\u00e4misaika<\/strong><\/p>\n\n\n\n<p>1.8. Villa Theresa s\u00e4ilytt\u00e4\u00e4 tietoja niin kauan, kuin niit\u00e4 tarvitaan tietojen k\u00e4ytt\u00f6tarkoituksen saavuttamiseksi tai lakiin perustuvan vaateen vanhenemisaikaan saakka ja lakiin perustuvan asiakirjan s\u00e4ilytysajan p\u00e4\u00e4ttymiseen saakka (arvonlis\u00e4verolain ja kirjanpitolain mukaisesti 7 vuotta).<\/p>\n\n\n\n<p><strong>Asiakkaan oikeudet tietojen k\u00e4ytt\u00f6\u00f6n liittyen<\/strong><\/p>\n\n\n\n<p>1.9. Tilaajalla on oikeus saada Villa Theresa tietoja itseens\u00e4 liittyvien tietojen k\u00e4yt\u00f6st\u00e4 laissa s\u00e4\u00e4detyll\u00e4 tavalla ja laajuudessa.<br>1.10. Tilaajalla on oikeus vaatia Villa Theresa omien tietojen k\u00e4yt\u00f6n lopettamista ja tietojen oikaisua, sulkemista ja poistamista.<br>1.11. Tilaajalla on oikeus suostua tai kielt\u00e4\u00e4 omien tietojensa k\u00e4ytt\u00f6 suoramarkkinointi- tai mainostarkoituksessa.<br>1.12. Tilaajalla on oikeus k\u00e4\u00e4nty\u00e4 oikeuksiensa puolustamiseksi tietosuojaviraston ja tuomioistuimen puoleen.<br>1.13. Henkil\u00f6tietoihin liittyviss\u00e4 asioissa sinulla on oikeus saada lis\u00e4tietoja s\u00e4hk\u00f6postitse osoitteesta\u00a0<a href=\"mailto:info@villatheresa.ee\" target=\"_blank\" rel=\"noreferrer noopener\"><a href=\"mailto:info@villatheresa.ee\">info@villatheresa.ee<\/a><\/a> tai puhelimitse numerosta +372 322 3699.<\/p>\n<\/div>\n\n\n\n<div class=\"wp-block-column is-layout-flow wp-block-column-is-layout-flow\">\n<h3 class=\"wp-block-heading\">Ev\u00e4steiden k\u00e4yt\u00f6n periaatteet<\/h3>\n\n\n\n<p><strong>Ev\u00e4steiden k\u00e4ytt\u00f6<\/strong><\/p>\n\n\n\n<p>2.1. K\u00e4ytt\u00e4jien parempaa palvelua varten k\u00e4ytt\u00e4v\u00e4t Villa Theresa verkkosivut ev\u00e4steit\u00e4 eli cookies\u2019eja.<br>2.2. Villa Theresa kuuluvat verkkotunnukset voivat sis\u00e4lt\u00e4\u00e4 mm. elementin, joka tallentaa ev\u00e4steet kolmansien henkil\u00f6iden nimiss\u00e4.<\/p>\n\n\n\n<p><strong>Ev\u00e4steist\u00e4 kielt\u00e4ytyminen<\/strong><\/p>\n\n\n\n<p>2.3. K\u00e4ytt\u00e4j\u00e4ll\u00e4 on oikeus kielt\u00e4yty\u00e4 ev\u00e4steiden tallettamisesta tietokoneelleen. T\u00e4ss\u00e4 tapauksessa tilaajan on muutettava verkkoselaimensa asetuksia.<br>2.4. Erityyppiset verkkoselaimet k\u00e4ytt\u00e4v\u00e4t ev\u00e4steiden kielt\u00e4miseksi erilaisia menetelmi\u00e4. Tarkempaa tietoa&nbsp;<a href=\"http:\/\/www.allaboutcookies.org\/\" target=\"_blank\" rel=\"noreferrer noopener\">l\u00f6ytyy verkkosivuilta<\/a>.<br>2.5. Ev\u00e4steet est\u00e4ess\u00e4\u00e4n on k\u00e4ytt\u00e4j\u00e4n otettava huomioon, ett\u00e4 kaikki verkkosivun toiminnot eiv\u00e4t sen j\u00e4lkeen ole v\u00e4ltt\u00e4m\u00e4tt\u00e4 en\u00e4\u00e4 k\u00e4ytt\u00e4j\u00e4n k\u00e4ytett\u00e4viss\u00e4.<\/p>\n\n\n\n<p><strong>Mik\u00e4 on ev\u00e4ste eli cookie?<\/strong><\/p>\n\n\n\n<p>2.6. Ev\u00e4ste on tekstitiedosto, jonka l\u00e4hett\u00e4v\u00e4t ja tallentavat k\u00e4ytt\u00e4j\u00e4n tietokoneeseen verkkosivut, joilla k\u00e4ytt\u00e4j\u00e4 vierailee. Ev\u00e4ste tallennetaan k\u00e4ytt\u00e4j\u00e4n verkkoselaimen tiedostoluetteloon. Mik\u00e4li k\u00e4ytt\u00e4j\u00e4 on k\u00e4ynyt verkkosivuilla aiemmin, lukee verkkoselain ev\u00e4stett\u00e4 ja l\u00e4hett\u00e4\u00e4 vastaavan tiedon verkkosivulle tai elementille, joka ev\u00e4steen alun perin tallensi. Lis\u00e4tietoa ev\u00e4steist\u00e4 on&nbsp;<a href=\"http:\/\/www.allaboutcookies.org\/\" target=\"_blank\" rel=\"noreferrer noopener\">saatavilla verkkosivuilla<\/a>.<br>2.7. Ev\u00e4steiden avulla voidaan seurata verkkosivujen k\u00e4ytt\u00f6tilastoja, otsikoiden suosiota ja muita verkkosivulla teht\u00e4vi\u00e4 toimenpiteit\u00e4. Ev\u00e4steist\u00e4 saatavia tietoja k\u00e4ytet\u00e4\u00e4n verkkosivujen k\u00e4ytt\u00f6mukavuuden ja sis\u00e4ll\u00f6n parantamiseksi.<\/p>\n\n\n\n<p><strong>Verkkosivuilla k\u00e4ytett\u00e4vien ev\u00e4steiden tyyppej\u00e4<\/strong><\/p>\n\n\n\n<p>2.8. Pysyv\u00e4t ev\u00e4steet ovat hyvin t\u00e4rkeit\u00e4 verkkosivuilla liikkumista ja sen toimintojen k\u00e4ytt\u00e4mist\u00e4 varten. Pysyvien ev\u00e4steiden puuttuessa ei k\u00e4ytt\u00e4j\u00e4 voisi k\u00e4ytt\u00e4\u00e4 kaikkia verkkosivujen toimintoja.<br>2.9. Istuntokohtaiset ev\u00e4steet auttavat verkkosivua muistamaan k\u00e4ytt\u00e4j\u00e4n aiemmin tekem\u00e4t valinnat (esimerkiksi k\u00e4ytt\u00e4j\u00e4nimi, kielivalinta jne.) ja tarjoamaan sen avulla tehokkaampia ja henkil\u00f6kohtaisempia toimintoja.<br>2.10. Seurantaev\u00e4steet ker\u00e4\u00e4v\u00e4t tietoja k\u00e4ytt\u00e4j\u00e4n k\u00e4ytt\u00e4ytymisest\u00e4 verkkosivulla. Seurantaev\u00e4steest\u00e4 saatavilla tiedoilla autetaan parantamaan verkkosivujen k\u00e4ytt\u00f6mukavuutta.<\/p>\n<\/div>\n<\/div>\n","protected":false},"excerpt":{"rendered":"<p>1. Henkil\u00f6tietojen k\u00e4sittely\u00e4 koskevat periaatteet 1.1. Henkil\u00f6tietojen k\u00e4sittely\u00e4 koskevat periaatteet ovat voimassa Villa Theresa verkkosivujen K\u00e4ytt\u00e4jille. Yrityksemme k\u00e4sittelee henkil\u00f6tietojasi ainoastaan palvelujen tarjoamisen (kokoustilan, kylpyl\u00e4hoidon tai p\u00f6yd\u00e4n varaamisen tai uutiskirjeen tilaamisen) yhteydess\u00e4. Emme luovuta, myy tai julkista henkil\u00f6tietojasi kolmansille osapuolille ilman etuk\u00e4teissuostumustasi, ellei lains\u00e4\u00e4d\u00e4nt\u00f6 toisin edellyt\u00e4. Tiedonkeruu Kokoustilan\/kylpyl\u00e4palvelun tilauslomakkeen t\u00e4ytt\u00e4misen yhteydess\u00e4 ker\u00e4tyt tiedot. 1.2. Kokoustilan\/kylpyl\u00e4palvelun Tilaajan [&hellip;]<\/p>\n","protected":false},"author":1,"featured_media":0,"parent":0,"menu_order":0,"comment_status":"closed","ping_status":"closed","template":"","meta":{"footnotes":""},"class_list":["post-1521","page","type-page","status-publish","hentry"],"yoast_head":"<!-- This site is optimized with the Yoast SEO plugin v25.0 - https:\/\/yoast.com\/wordpress\/plugins\/seo\/ -->\n<title>Andmekaitsetingimused - Villa Theresa<\/title>\n<meta name=\"robots\" content=\"index, follow, max-snippet:-1, max-image-preview:large, max-video-preview:-1\" \/>\n<link rel=\"canonical\" href=\"https:\/\/www.villatheresa.ee\/andmekaitsetingimused\/\" \/>\n<meta property=\"og:locale\" content=\"fi_FI\" \/>\n<meta property=\"og:type\" content=\"article\" \/>\n<meta property=\"og:title\" content=\"Andmekaitsetingimused - Villa Theresa\" \/>\n<meta property=\"og:description\" content=\"1. Henkil\u00f6tietojen k\u00e4sittely\u00e4 koskevat periaatteet 1.1. Henkil\u00f6tietojen k\u00e4sittely\u00e4 koskevat periaatteet ovat voimassa Villa Theresa verkkosivujen K\u00e4ytt\u00e4jille. Yrityksemme k\u00e4sittelee henkil\u00f6tietojasi ainoastaan palvelujen tarjoamisen (kokoustilan, kylpyl\u00e4hoidon tai p\u00f6yd\u00e4n varaamisen tai uutiskirjeen tilaamisen) yhteydess\u00e4. Emme luovuta, myy tai julkista henkil\u00f6tietojasi kolmansille osapuolille ilman etuk\u00e4teissuostumustasi, ellei lains\u00e4\u00e4d\u00e4nt\u00f6 toisin edellyt\u00e4. Tiedonkeruu Kokoustilan\/kylpyl\u00e4palvelun tilauslomakkeen t\u00e4ytt\u00e4misen yhteydess\u00e4 ker\u00e4tyt tiedot. 1.2. Kokoustilan\/kylpyl\u00e4palvelun Tilaajan [&hellip;]\" \/>\n<meta property=\"og:url\" content=\"https:\/\/www.villatheresa.ee\/andmekaitsetingimused\/\" \/>\n<meta property=\"og:site_name\" content=\"Villa Theresa\" \/>\n<meta property=\"article:modified_time\" content=\"2022-02-11T07:45:51+00:00\" \/>\n<meta property=\"og:image\" content=\"https:\/\/www.villatheresa.ee\/wp-content\/uploads\/2021\/12\/fuajee_villa_theresa.jpeg\" \/>\n<meta name=\"twitter:card\" content=\"summary_large_image\" \/>\n<meta name=\"twitter:label1\" content=\"Arvioitu lukuaika\" \/>\n\t<meta name=\"twitter:data1\" content=\"3 minuuttia\" \/>\n<script type=\"application\/ld+json\" class=\"yoast-schema-graph\">{\"@context\":\"https:\/\/schema.org\",\"@graph\":[{\"@type\":\"WebPage\",\"@id\":\"https:\/\/www.villatheresa.ee\/andmekaitsetingimused\/\",\"url\":\"https:\/\/www.villatheresa.ee\/andmekaitsetingimused\/\",\"name\":\"Andmekaitsetingimused - Villa Theresa\",\"isPartOf\":{\"@id\":\"https:\/\/www.villatheresa.ee\/#website\"},\"primaryImageOfPage\":{\"@id\":\"https:\/\/www.villatheresa.ee\/andmekaitsetingimused\/#primaryimage\"},\"image\":{\"@id\":\"https:\/\/www.villatheresa.ee\/andmekaitsetingimused\/#primaryimage\"},\"thumbnailUrl\":\"https:\/\/www.villatheresa.ee\/wp-content\/uploads\/2021\/12\/fuajee_villa_theresa.jpeg\",\"datePublished\":\"2021-11-11T22:23:26+00:00\",\"dateModified\":\"2022-02-11T07:45:51+00:00\",\"breadcrumb\":{\"@id\":\"https:\/\/www.villatheresa.ee\/andmekaitsetingimused\/#breadcrumb\"},\"inLanguage\":\"fi\",\"potentialAction\":[{\"@type\":\"ReadAction\",\"target\":[\"https:\/\/www.villatheresa.ee\/andmekaitsetingimused\/\"]}]},{\"@type\":\"ImageObject\",\"inLanguage\":\"fi\",\"@id\":\"https:\/\/www.villatheresa.ee\/andmekaitsetingimused\/#primaryimage\",\"url\":\"https:\/\/www.villatheresa.ee\/wp-content\/uploads\/2021\/12\/fuajee_villa_theresa.jpeg\",\"contentUrl\":\"https:\/\/www.villatheresa.ee\/wp-content\/uploads\/2021\/12\/fuajee_villa_theresa.jpeg\"},{\"@type\":\"BreadcrumbList\",\"@id\":\"https:\/\/www.villatheresa.ee\/andmekaitsetingimused\/#breadcrumb\",\"itemListElement\":[{\"@type\":\"ListItem\",\"position\":1,\"name\":\"Home\",\"item\":\"https:\/\/www.villatheresa.ee\/fi\/\"},{\"@type\":\"ListItem\",\"position\":2,\"name\":\"Andmekaitsetingimused\"}]},{\"@type\":\"WebSite\",\"@id\":\"https:\/\/www.villatheresa.ee\/#website\",\"url\":\"https:\/\/www.villatheresa.ee\/\",\"name\":\"Villa Theresa\",\"description\":\"Hotell Rakveres\",\"potentialAction\":[{\"@type\":\"SearchAction\",\"target\":{\"@type\":\"EntryPoint\",\"urlTemplate\":\"https:\/\/www.villatheresa.ee\/?s={search_term_string}\"},\"query-input\":{\"@type\":\"PropertyValueSpecification\",\"valueRequired\":true,\"valueName\":\"search_term_string\"}}],\"inLanguage\":\"fi\"}]}<\/script>\n<!-- \/ Yoast SEO plugin. -->","yoast_head_json":{"title":"Andmekaitsetingimused - Villa Theresa","robots":{"index":"index","follow":"follow","max-snippet":"max-snippet:-1","max-image-preview":"max-image-preview:large","max-video-preview":"max-video-preview:-1"},"canonical":"https:\/\/www.villatheresa.ee\/andmekaitsetingimused\/","og_locale":"fi_FI","og_type":"article","og_title":"Andmekaitsetingimused - Villa Theresa","og_description":"1. Henkil\u00f6tietojen k\u00e4sittely\u00e4 koskevat periaatteet 1.1. Henkil\u00f6tietojen k\u00e4sittely\u00e4 koskevat periaatteet ovat voimassa Villa Theresa verkkosivujen K\u00e4ytt\u00e4jille. Yrityksemme k\u00e4sittelee henkil\u00f6tietojasi ainoastaan palvelujen tarjoamisen (kokoustilan, kylpyl\u00e4hoidon tai p\u00f6yd\u00e4n varaamisen tai uutiskirjeen tilaamisen) yhteydess\u00e4. Emme luovuta, myy tai julkista henkil\u00f6tietojasi kolmansille osapuolille ilman etuk\u00e4teissuostumustasi, ellei lains\u00e4\u00e4d\u00e4nt\u00f6 toisin edellyt\u00e4. Tiedonkeruu Kokoustilan\/kylpyl\u00e4palvelun tilauslomakkeen t\u00e4ytt\u00e4misen yhteydess\u00e4 ker\u00e4tyt tiedot. 1.2. Kokoustilan\/kylpyl\u00e4palvelun Tilaajan [&hellip;]","og_url":"https:\/\/www.villatheresa.ee\/andmekaitsetingimused\/","og_site_name":"Villa Theresa","article_modified_time":"2022-02-11T07:45:51+00:00","og_image":[{"url":"https:\/\/www.villatheresa.ee\/wp-content\/uploads\/2021\/12\/fuajee_villa_theresa.jpeg","type":"","width":"","height":""}],"twitter_card":"summary_large_image","twitter_misc":{"Arvioitu lukuaika":"3 minuuttia"},"schema":{"@context":"https:\/\/schema.org","@graph":[{"@type":"WebPage","@id":"https:\/\/www.villatheresa.ee\/andmekaitsetingimused\/","url":"https:\/\/www.villatheresa.ee\/andmekaitsetingimused\/","name":"Andmekaitsetingimused - Villa Theresa","isPartOf":{"@id":"https:\/\/www.villatheresa.ee\/#website"},"primaryImageOfPage":{"@id":"https:\/\/www.villatheresa.ee\/andmekaitsetingimused\/#primaryimage"},"image":{"@id":"https:\/\/www.villatheresa.ee\/andmekaitsetingimused\/#primaryimage"},"thumbnailUrl":"https:\/\/www.villatheresa.ee\/wp-content\/uploads\/2021\/12\/fuajee_villa_theresa.jpeg","datePublished":"2021-11-11T22:23:26+00:00","dateModified":"2022-02-11T07:45:51+00:00","breadcrumb":{"@id":"https:\/\/www.villatheresa.ee\/andmekaitsetingimused\/#breadcrumb"},"inLanguage":"fi","potentialAction":[{"@type":"ReadAction","target":["https:\/\/www.villatheresa.ee\/andmekaitsetingimused\/"]}]},{"@type":"ImageObject","inLanguage":"fi","@id":"https:\/\/www.villatheresa.ee\/andmekaitsetingimused\/#primaryimage","url":"https:\/\/www.villatheresa.ee\/wp-content\/uploads\/2021\/12\/fuajee_villa_theresa.jpeg","contentUrl":"https:\/\/www.villatheresa.ee\/wp-content\/uploads\/2021\/12\/fuajee_villa_theresa.jpeg"},{"@type":"BreadcrumbList","@id":"https:\/\/www.villatheresa.ee\/andmekaitsetingimused\/#breadcrumb","itemListElement":[{"@type":"ListItem","position":1,"name":"Home","item":"https:\/\/www.villatheresa.ee\/fi\/"},{"@type":"ListItem","position":2,"name":"Andmekaitsetingimused"}]},{"@type":"WebSite","@id":"https:\/\/www.villatheresa.ee\/#website","url":"https:\/\/www.villatheresa.ee\/","name":"Villa Theresa","description":"Hotell Rakveres","potentialAction":[{"@type":"SearchAction","target":{"@type":"EntryPoint","urlTemplate":"https:\/\/www.villatheresa.ee\/?s={search_term_string}"},"query-input":{"@type":"PropertyValueSpecification","valueRequired":true,"valueName":"search_term_string"}}],"inLanguage":"fi"}]}},"_links":{"self":[{"href":"https:\/\/www.villatheresa.ee\/fi\/wp-json\/wp\/v2\/pages\/1521","targetHints":{"allow":["GET"]}}],"collection":[{"href":"https:\/\/www.villatheresa.ee\/fi\/wp-json\/wp\/v2\/pages"}],"about":[{"href":"https:\/\/www.villatheresa.ee\/fi\/wp-json\/wp\/v2\/types\/page"}],"author":[{"embeddable":true,"href":"https:\/\/www.villatheresa.ee\/fi\/wp-json\/wp\/v2\/users\/1"}],"replies":[{"embeddable":true,"href":"https:\/\/www.villatheresa.ee\/fi\/wp-json\/wp\/v2\/comments?post=1521"}],"version-history":[{"count":1,"href":"https:\/\/www.villatheresa.ee\/fi\/wp-json\/wp\/v2\/pages\/1521\/revisions"}],"predecessor-version":[{"id":1526,"href":"https:\/\/www.villatheresa.ee\/fi\/wp-json\/wp\/v2\/pages\/1521\/revisions\/1526"}],"wp:attachment":[{"href":"https:\/\/www.villatheresa.ee\/fi\/wp-json\/wp\/v2\/media?parent=1521"}],"curies":[{"name":"wp","href":"https:\/\/api.w.org\/{rel}","templated":true}]}}